{"id":11500,"date":"2023-04-27T11:38:42","date_gmt":"2023-04-27T11:38:42","guid":{"rendered":"https:\/\/www.entebilateralepadova.it\/terziario\/?page_id=11500"},"modified":"2026-02-18T09:45:15","modified_gmt":"2026-02-18T09:45:15","slug":"d-16-bonus-bollette-energia-elettrica-e-gas","status":"publish","type":"page","link":"https:\/\/www.entebilateralepadova.it\/terziario\/d-16-bonus-bollette-energia-elettrica-e-gas\/","title":{"rendered":"D\/16 BONUS BOLLETTE ENERGIA ELETTRICA E GAS"},"content":{"rendered":"<p>A lavoratori\/lavoratrici, aderenti almeno da 3 mesi, che abbiano sostenuto una spesa complessiva annuale pari ad almeno euro 400,00 (famiglia senza figli a carico) e pari a euro 700,00 (famiglia con figli a carico) per energia elettrica e gas, <strong>verr\u00e0 erogato un contributo pari a euro 150,00<\/strong> (nucleo familiare senza figli a carico) \/<strong> euro 250,00<\/strong> (nucleo familiare con 1 o pi\u00f9 figli a carico).<\/p>\n<p>Il <strong>contributo<\/strong> \u00e8 <strong>biennale (ovvero se \u00e8 stato richiesto per l&#8217;anno 2025 non potr\u00e0 essere richiesto per l&#8217;anno 2026, ma si potr\u00e0 richiedere per spese relative al 2027)<\/strong>\u00a0e la presentazione della richiesta \u00e8 vincolata al <strong>limite di reddito complessivo lordo del nucleo familiare<\/strong> desunto dalla denuncia dei redditi cos\u00ec definito:<\/p>\n<p>&#8211; limite massimo pari a euro 40.000,00 lordi qualora nel nucleo famigliare non vi siano figli a carico;<br \/>\n&#8211; limite massimo pari a euro 60.000,00 lordi qualora il nucleo famigliare sia composto da un solo figlio;<\/p>\n<p>&#8211; limite massimo pari a euro 70.000,00 lordi qualora il nucleo famigliare sia composto da pi\u00f9 di un figlio.<\/p>\n<p>Il richiedente, con il <strong>modello apposito di richiesta COMPILATO IN TUTTE LE SUE PARTI<\/strong> da inviare all&#8217;Ente Bilaterale TRAMITE L&#8217;APPOSITA AREA RISERVATA, <strong>DEVE ALLEGARE TUTTA LA SEGUENTE DOCUMENTAZIONE:<\/strong><\/p>\n<ul>\n<li>autocertificazione stato di famiglia;<\/li>\n<li>autocertificazione di non aver ricevuto contributi da altri enti pubblici per le stesse spese presentate all&#8217;ente inerenti la fornitura di energia elettrica e gas;<\/li>\n<li>dichiarazione dei redditi del richiedente + conviventi o coniugi (inviare la prima pagina del modello 730 o Unico + la pagina di riepilogo dei redditi);<\/li>\n<li>copia delle bollette e della relativa quietanza;<\/li>\n<li>copia dell\u2019ultima busta paga del richiedente precedente la data dell\u2019ultima fattura.<\/li>\n<\/ul>\n<p>Nel caso di conviventi o coniugi entrambi lavoratori del settore terziario, il sussidio sar\u00e0 erogato solo ad uno dei due richiedenti.<\/p>\n<p><strong>TERMINI DI PRESENTAZIONE: ENTRO 90 GIORNI DALLA DATA DELL\u2019ULTIMA FATTURA RICEVUTA NELL&#8217;ANNO SOLARE PER CUI SI FA RICHIESTA (fa fede la data scritta sull&#8217;ultima bolletta).<\/strong><\/p>\n<p>&nbsp;<\/p>\n<p>Clicca sul link per accedere all&#8217;AREA RISERVATA <a href=\"https:\/\/terziario.ar.entebilateralepadova.it\/\/ar_login.jsp\" target=\"_blank\" rel=\"noopener\"><em>terziario.ar.entebilateralepadova.it<\/em><\/a><\/p>\n","protected":false},"excerpt":{"rendered":"<p>A lavoratori\/lavoratrici, aderenti almeno da 3 mesi, che abbiano sostenuto una spesa complessiva annuale pari ad almeno euro 400,00 (famiglia senza figli a carico) e pari a euro 700,00 (famiglia con figli a carico) per energia elettrica e gas, verr\u00e0 erogato un contributo pari a&#8230;<\/p>\n","protected":false},"author":3,"featured_media":6784,"parent":0,"menu_order":0,"comment_status":"closed","ping_status":"closed","template":"","meta":{"_acf_changed":false,"footnotes":""},"class_list":["post-11500","page","type-page","status-publish","has-post-thumbnail","hentry"],"acf":[],"_links":{"self":[{"href":"https:\/\/www.entebilateralepadova.it\/terziario\/wp-json\/wp\/v2\/pages\/11500","targetHints":{"allow":["GET"]}}],"collection":[{"href":"https:\/\/www.entebilateralepadova.it\/terziario\/wp-json\/wp\/v2\/pages"}],"about":[{"href":"https:\/\/www.entebilateralepadova.it\/terziario\/wp-json\/wp\/v2\/types\/page"}],"author":[{"embeddable":true,"href":"https:\/\/www.entebilateralepadova.it\/terziario\/wp-json\/wp\/v2\/users\/3"}],"replies":[{"embeddable":true,"href":"https:\/\/www.entebilateralepadova.it\/terziario\/wp-json\/wp\/v2\/comments?post=11500"}],"version-history":[{"count":19,"href":"https:\/\/www.entebilateralepadova.it\/terziario\/wp-json\/wp\/v2\/pages\/11500\/revisions"}],"predecessor-version":[{"id":32374,"href":"https:\/\/www.entebilateralepadova.it\/terziario\/wp-json\/wp\/v2\/pages\/11500\/revisions\/32374"}],"wp:featuredmedia":[{"embeddable":true,"href":"https:\/\/www.entebilateralepadova.it\/terziario\/wp-json\/wp\/v2\/media\/6784"}],"wp:attachment":[{"href":"https:\/\/www.entebilateralepadova.it\/terziario\/wp-json\/wp\/v2\/media?parent=11500"}],"curies":[{"name":"wp","href":"https:\/\/api.w.org\/{rel}","templated":true}]}}