{"id":18602,"date":"2024-07-25T10:24:05","date_gmt":"2024-07-25T10:24:05","guid":{"rendered":"https:\/\/www.entebilateralepadova.it\/terziario\/?page_id=18602"},"modified":"2026-01-23T09:15:09","modified_gmt":"2026-01-23T09:15:09","slug":"d-22-bonus-maternita-paternita-facoltativa","status":"publish","type":"page","link":"https:\/\/www.entebilateralepadova.it\/terziario\/d-22-bonus-maternita-paternita-facoltativa\/","title":{"rendered":"D\/22 BONUS MATERNITA&#8217;\/PATERNITA&#8217; FACOLTATIVA"},"content":{"rendered":"<p><strong>Alla lavoratrice madre<\/strong> (aderente all&#8217;ente bilaterale da almeno 3 mesi)<strong> o in sostituzione al lavoratore padre <\/strong>(aderente all\u2019ente da almeno 3 mesi), che goduto tutto il periodo previsto dalla legge per l&#8217;astensione obbligatoria post-maternit\u00e0 e usufruisca del periodo di astensione facoltativa, sar\u00e0 corrisposto un <strong>contributo pari a <\/strong><strong>euro 300,00 lordi<\/strong> al mese per massimo 3 mensilit\u00e0 (se l&#8217;astensione \u00e8 goduta non per il mese intero ma ad ore, \u00e8 necessario inviare la documentazione per un periodo di astensione pari ad almeno 40 ore).<\/p>\n<p>Il richiedente, con il <strong>modello apposito di richiesta COMPILATO IN TUTTE LE SUE PARTI<\/strong>, <strong>DEVE ALLEGARE TUTTA LA SEGUENTE DOCUMENTAZIONE<\/strong>\u00a0(documenti in fotocopia; i documenti non vengono restituiti):<\/p>\n<p><strong>a) Autocertificazione di Stato di Famiglia<\/strong> &#8211; si ricorda che l&#8217;Ente Bilaterale si riserva di effettuare eventuali verifiche sulla veridicit\u00e0 dei dati forniti;<\/p>\n<p><strong>b) Copia della richiesta inviata all&#8217;INPS per l&#8217;astensione facoltativa post maternit\u00e0 o paternit\u00e0<\/strong>;<\/p>\n<p><strong>c) Copia della busta paga antecedente all&#8217;inizio del periodo di astensione facoltativa<\/strong>;<\/p>\n<p><strong>d) copia delle buste paga relative al periodo di astensione facoltativa (al massimo 3)<\/strong>;<\/p>\n<p>Nel caso di genitori entrambi lavoratori del settore terziario, il sussidio sar\u00e0 erogato solo ad uno dei due richiedenti.<\/p>\n<p><strong>TERMINI DI PRESENTAZIONE:<\/strong> ENTRO 90 GIORNI DALLA FINE DEL PERIODO DI ASTENSIONE PER CUI SI RICHIEDE IL CONTRIBUTO<\/p>\n<p style=\"text-align: justify;\"><strong>SI RICORDA CHE LE DOMANDE VANNO SPEDITE ESCLUSIVAMENTE TRAMITE L&#8217;APPOSITA AREA RISERVATA<\/strong><\/p>\n<p style=\"text-align: justify;\"><strong>SI RICORDA CHE I SUSSIDI VERRANNO EROGATI IN BASE ALLE DISPONIBILITA&#8217; ECONOMICHE DELL&#8217;ENTE e pertanto L\u2019Ente, a suo insindacabile giudizio, in relazione ai capitoli di spesa che saranno periodicamente valutati compatibilmente con le disponibilit\u00e0 economiche, si riserva di poter modificare o annullare l&#8217;erogazione di tutti o di parte dei sussidi offerti alle aziende e ai lavoratori. L\u2019Ente si riserva inoltre di valutare le domande pervenute entro i termini previsti secondo il criterio di precedenza e il criterio di turnazione in base alle risorse disponibili.<\/strong><\/p>\n<p style=\"text-align: justify;\">Le domande incomplete e non rispondenti al regolamento o che pervenissero fuori del termine stabilito non saranno prese in considerazione.<\/p>\n<p>&nbsp;<\/p>\n<p>Clicca sul link per accedere all&#8217;AREA RISERVATA <a href=\"https:\/\/terziario.ar.entebilateralepadova.it\/\/ar_login.jsp\" target=\"_blank\" rel=\"noopener\"><em>terziario.ar.entebilateralepadova.it<\/em><\/a><\/p>\n","protected":false},"excerpt":{"rendered":"<p>Alla lavoratrice madre (aderente all&#8217;ente bilaterale da almeno 3 mesi) o in sostituzione al lavoratore padre (aderente all\u2019ente da almeno 3 mesi), che goduto tutto il periodo previsto dalla legge per l&#8217;astensione obbligatoria post-maternit\u00e0 e usufruisca del periodo di astensione facoltativa, sar\u00e0 corrisposto un contributo&#8230;<\/p>\n","protected":false},"author":3,"featured_media":6784,"parent":0,"menu_order":0,"comment_status":"closed","ping_status":"closed","template":"","meta":{"_acf_changed":false,"footnotes":""},"class_list":["post-18602","page","type-page","status-publish","has-post-thumbnail","hentry"],"acf":[],"_links":{"self":[{"href":"https:\/\/www.entebilateralepadova.it\/terziario\/wp-json\/wp\/v2\/pages\/18602","targetHints":{"allow":["GET"]}}],"collection":[{"href":"https:\/\/www.entebilateralepadova.it\/terziario\/wp-json\/wp\/v2\/pages"}],"about":[{"href":"https:\/\/www.entebilateralepadova.it\/terziario\/wp-json\/wp\/v2\/types\/page"}],"author":[{"embeddable":true,"href":"https:\/\/www.entebilateralepadova.it\/terziario\/wp-json\/wp\/v2\/users\/3"}],"replies":[{"embeddable":true,"href":"https:\/\/www.entebilateralepadova.it\/terziario\/wp-json\/wp\/v2\/comments?post=18602"}],"version-history":[{"count":9,"href":"https:\/\/www.entebilateralepadova.it\/terziario\/wp-json\/wp\/v2\/pages\/18602\/revisions"}],"predecessor-version":[{"id":31987,"href":"https:\/\/www.entebilateralepadova.it\/terziario\/wp-json\/wp\/v2\/pages\/18602\/revisions\/31987"}],"wp:featuredmedia":[{"embeddable":true,"href":"https:\/\/www.entebilateralepadova.it\/terziario\/wp-json\/wp\/v2\/media\/6784"}],"wp:attachment":[{"href":"https:\/\/www.entebilateralepadova.it\/terziario\/wp-json\/wp\/v2\/media?parent=18602"}],"curies":[{"name":"wp","href":"https:\/\/api.w.org\/{rel}","templated":true}]}}