{"id":18702,"date":"2024-10-24T07:18:24","date_gmt":"2024-10-24T07:18:24","guid":{"rendered":"https:\/\/www.entebilateralepadova.it\/terziario\/?page_id=18702"},"modified":"2026-01-23T09:12:53","modified_gmt":"2026-01-23T09:12:53","slug":"a23-contributo-sostituzione-congedo-maternita-paternita","status":"publish","type":"page","link":"https:\/\/www.entebilateralepadova.it\/terziario\/a23-contributo-sostituzione-congedo-maternita-paternita\/","title":{"rendered":"A23 CONTRIBUTO SOSTITUZIONE CONGEDO MATERNITA\/PATERNITA\u2019"},"content":{"rendered":"<p>Alle aziende aderenti verr\u00e0 erogato un contributo a titolo di concorso spese per assunzioni in sostituzione della durata di almeno 6 mesi di lavoratrici\/lavoratori che accederanno al congedo di maternit\u00e0\/paternit\u00e0. Il contributo sar\u00e0 pari a <strong>\u20ac 300,00 mensili lordi<\/strong> e potr\u00e0 essere richiesto per un massimo di 3 mesi (da considerare all&#8217;interno del periodo di astensione obbligatoria o facoltativa), solo se il datore di lavoro accoglie le richieste di passaggio a part time al di sopra della soglia del 3% e\/o nelle unit\u00e0 produttive al di sotto dei 20 dipendenti. Il contributo \u00e8 riconosciuto anche in caso di maternit\u00e0 anticipata, nonch\u00e9 nel caso di adozione. Il contributo \u00e8 altres\u00ec riconosciuto in caso di affiancamento per sostituzione maternit\u00e0\/paternit\u00e0 nei 2 mesi precedenti il congedo previsto dal CCNL Terziario, Distribuzione e Servizi. Il contributo non spetta se la sostituzione avviene con contratto a chiamata o contratto di lavoro part-time al di sotto dei limiti orari previsti dal CCNL.<\/p>\n<p>Il richiedente, con il <strong>modello apposito di richiesta COMPILATO IN TUTTE LE SUE PARTI <\/strong>da inviare tramite L&#8217;APPOSITA AREA RISERVATA, <strong>DEVE ALLEGARE TUTTA LA SEGUENTE DOCUMENTAZIONE:<\/strong><\/p>\n<ul>\n<li>Copia del contratto di assunzione per sostituzione;<\/li>\n<li>Dichiarazione del datore di lavoro di aver accolto le richieste di passaggio a part time al di sopra della soglia del 3% e\/o nelle unit\u00e0 produttive al di sotto dei 20 dipendenti;<\/li>\n<li>Copia delle buste paga del lavoratore\/lavoratrice sostituto\/a a partire dal mese di assunzione e per i mesi per i quali viene richiesto il contributo (mesi relativi alla sostituzione).<\/li>\n<\/ul>\n<p>TERMINI DI PRESENTAZIONE: entro 90 giorni dall\u2019ultima busta paga del lavoratore\/lavoratrice sostituto\/a.<\/p>\n<p>&nbsp;<\/p>\n<p>Clicca sul link per accedere all&#8217;AREA RISERVATA <a href=\"https:\/\/terziario.ar.entebilateralepadova.it\/\/ar_login.jsp\" target=\"_blank\" rel=\"noopener\"><em>terziario.ar.entebilateralepadova.it<\/em><\/a><\/p>\n","protected":false},"excerpt":{"rendered":"<p>Alle aziende aderenti verr\u00e0 erogato un contributo a titolo di concorso spese per assunzioni in sostituzione della durata di almeno 6 mesi di lavoratrici\/lavoratori che accederanno al congedo di maternit\u00e0\/paternit\u00e0. Il contributo sar\u00e0 pari a \u20ac 300,00 mensili lordi e potr\u00e0 essere richiesto per un&#8230;<\/p>\n","protected":false},"author":3,"featured_media":6784,"parent":0,"menu_order":0,"comment_status":"closed","ping_status":"closed","template":"","meta":{"_acf_changed":false,"footnotes":""},"class_list":["post-18702","page","type-page","status-publish","has-post-thumbnail","hentry"],"acf":[],"_links":{"self":[{"href":"https:\/\/www.entebilateralepadova.it\/terziario\/wp-json\/wp\/v2\/pages\/18702","targetHints":{"allow":["GET"]}}],"collection":[{"href":"https:\/\/www.entebilateralepadova.it\/terziario\/wp-json\/wp\/v2\/pages"}],"about":[{"href":"https:\/\/www.entebilateralepadova.it\/terziario\/wp-json\/wp\/v2\/types\/page"}],"author":[{"embeddable":true,"href":"https:\/\/www.entebilateralepadova.it\/terziario\/wp-json\/wp\/v2\/users\/3"}],"replies":[{"embeddable":true,"href":"https:\/\/www.entebilateralepadova.it\/terziario\/wp-json\/wp\/v2\/comments?post=18702"}],"version-history":[{"count":10,"href":"https:\/\/www.entebilateralepadova.it\/terziario\/wp-json\/wp\/v2\/pages\/18702\/revisions"}],"predecessor-version":[{"id":31983,"href":"https:\/\/www.entebilateralepadova.it\/terziario\/wp-json\/wp\/v2\/pages\/18702\/revisions\/31983"}],"wp:featuredmedia":[{"embeddable":true,"href":"https:\/\/www.entebilateralepadova.it\/terziario\/wp-json\/wp\/v2\/media\/6784"}],"wp:attachment":[{"href":"https:\/\/www.entebilateralepadova.it\/terziario\/wp-json\/wp\/v2\/media?parent=18702"}],"curies":[{"name":"wp","href":"https:\/\/api.w.org\/{rel}","templated":true}]}}