{"id":29998,"date":"2025-11-27T15:31:57","date_gmt":"2025-11-27T15:31:57","guid":{"rendered":"https:\/\/www.entebilateralepadova.it\/terziario\/?page_id=29998"},"modified":"2025-12-03T08:39:23","modified_gmt":"2025-12-03T08:39:23","slug":"parita-di-genere","status":"publish","type":"page","link":"https:\/\/www.entebilateralepadova.it\/terziario\/parita-di-genere\/","title":{"rendered":"Parit\u00e0 di genere"},"content":{"rendered":"<p>[vc_row row_type=&#8221;row&#8221; content_width=&#8221;grid&#8221; anchor=&#8221;&#8221; content_aligment=&#8221;left&#8221; css_animation=&#8221;&#8221;][vc_column][vc_empty_space]<div class=\"eltd-section-title-outer-holder animate\" style=\"text-align: center\">\n\t<div class=\"eltd-section-title-subtitle-holder\">\n\t\t<h3 class=\"eltd-section-subtitle\" style=\"font-size: 19px;\">PARITA&#039;, FAMIGLIA E LAVORO: ORIENTARSI TRA DIRITTI, DOVERI E OPPORTUNITA&#039;<\/h3>\n\t<\/div>\n\t<div class=\"eltd-section-title-holder\">\n\t\t<h2 class=\"eltd-section-title\" style=\";\"><\/h2>\n\t<\/div>\n<\/div>[vc_empty_space height=&#8221;15px&#8221;][vc_column_text]La parit\u00e0 di genere \u00e8 una tematica importante nella societ\u00e0 contemporanea: riguarda l&#8217;uguaglianza di diritti, opportunit\u00e0 e trattamento tra le persone e mira a superare stereotipi e discriminazioni che limitano la partecipazione paritaria degli individui in tutti gli ambiti.<\/p>\n<p>Il progetto ha portato alle realizzazione di una brochure dal titolo &#8220;Parit\u00e0, famiglia e lavoro: orientarsi tra diritti, doveri e opportunit\u00e0&#8221;. L&#8217;obiettivo \u00e8 quello di fornire alle lavoratrici, ai lavoratori e alle aziende una guida chiara sui diritti, doveri, tutele e strumenti disponibili per favorire un ambiente di lavoro equo e rispettoso.<\/p>\n<p>&nbsp;<\/p>\n<p><a href=\"https:\/\/www.entebilateralepadova.it\/terziario\/wp-content\/uploads\/2025\/11\/BROCHURE-LINGUA-ITALIANA.pdf\">BROCHURE LINGUA ITALIANA<\/a><\/p>\n<p><a href=\"https:\/\/www.entebilateralepadova.it\/terziario\/wp-content\/uploads\/2025\/11\/BROCHURE-LINGUA-INGLESE.pdf\">BROCHURE LINGUA INGLESE<\/a><\/p>\n<p><a href=\"https:\/\/www.entebilateralepadova.it\/terziario\/wp-content\/uploads\/2025\/12\/LOCANDINA-DA-DOVE-COMINCIARE-RISPOSTE-E-STRUMENTI-NELLA-BROCHURE.pdf\">LOCANDINA &#8211; DA DOVE COMINCIARE, RISPOSTE E STRUMENTI NELLA BROCHURE<\/a><\/p>\n<p><a href=\"https:\/\/www.entebilateralepadova.it\/terziario\/wp-content\/uploads\/2025\/12\/LOCANDINA-GUIDA-SEMPLICI-E-COMPLETA-PER-LAVORATRICE-LAVORATORI-E-AZIENDE.pdf\">LOCANDINA &#8211; GUIDA SEMPLICI E COMPLETA PER LAVORATRICE, LAVORATORI E AZIENDE<\/a><\/p>\n<p><a href=\"https:\/\/www.entebilateralepadova.it\/terziario\/wp-content\/uploads\/2025\/12\/LOCANDINA-ORIENTARSI-TRA-LAVORO-FAMIGLIA-E-DIRITTI.pdf\">LOCANDINA &#8211; ORIENTARSI TRA LAVORO, FAMIGLIA E DIRITTI<\/a><\/p>\n<p>[\/vc_column_text][vc_empty_space height=&#8221;20px&#8221;][vc_column_text]Le nostre mini video pillole sull&#8217;argomento[\/vc_column_text][vc_empty_space height=&#8221;20px&#8221;][\/vc_column][\/vc_row][vc_row row_type=&#8221;row&#8221; content_width=&#8221;grid&#8221; anchor=&#8221;&#8221; content_aligment=&#8221;left&#8221; css_animation=&#8221;&#8221;][vc_column width=&#8221;1\/4&#8243;][vc_column_text]<\/p>\n<div style=\"width: 1100px;\" class=\"wp-video\"><!--[if lt IE 9]><script>document.createElement('video');<\/script><![endif]-->\n<video class=\"wp-video-shortcode\" id=\"video-29998-1\" width=\"1100\" height=\"619\" preload=\"metadata\" controls=\"controls\"><source type=\"video\/mp4\" src=\"https:\/\/www.entebilateralepadova.it\/terziario\/wp-content\/uploads\/2025\/11\/ZanellatoPaternico.mp4?_=1\" \/><a href=\"https:\/\/www.entebilateralepadova.it\/terziario\/wp-content\/uploads\/2025\/11\/ZanellatoPaternico.mp4\">https:\/\/www.entebilateralepadova.it\/terziario\/wp-content\/uploads\/2025\/11\/ZanellatoPaternico.mp4<\/a><\/video><\/div>\n<p>[\/vc_column_text][\/vc_column][vc_column width=&#8221;1\/4&#8243;][vc_column_text]<\/p>\n<div style=\"width: 1100px;\" class=\"wp-video\"><video class=\"wp-video-shortcode\" id=\"video-29998-2\" width=\"1100\" height=\"619\" preload=\"metadata\" controls=\"controls\"><source type=\"video\/mp4\" src=\"https:\/\/www.entebilateralepadova.it\/terziario\/wp-content\/uploads\/2025\/11\/Marquidas-Moccia.mp4?_=2\" \/><a href=\"https:\/\/www.entebilateralepadova.it\/terziario\/wp-content\/uploads\/2025\/11\/Marquidas-Moccia.mp4\">https:\/\/www.entebilateralepadova.it\/terziario\/wp-content\/uploads\/2025\/11\/Marquidas-Moccia.mp4<\/a><\/video><\/div>\n<p>[\/vc_column_text][\/vc_column][vc_column width=&#8221;1\/4&#8243;][vc_column_text]<\/p>\n<div style=\"width: 1100px;\" class=\"wp-video\"><video class=\"wp-video-shortcode\" id=\"video-29998-3\" width=\"1100\" height=\"619\" preload=\"metadata\" controls=\"controls\"><source type=\"video\/mp4\" src=\"https:\/\/www.entebilateralepadova.it\/terziario\/wp-content\/uploads\/2025\/11\/Silvia-Cocco.mp4?_=3\" \/><a href=\"https:\/\/www.entebilateralepadova.it\/terziario\/wp-content\/uploads\/2025\/11\/Silvia-Cocco.mp4\">https:\/\/www.entebilateralepadova.it\/terziario\/wp-content\/uploads\/2025\/11\/Silvia-Cocco.mp4<\/a><\/video><\/div>\n<p>[\/vc_column_text][\/vc_column][vc_column width=&#8221;1\/4&#8243;][vc_column_text]<\/p>\n<div style=\"width: 1100px;\" class=\"wp-video\"><video class=\"wp-video-shortcode\" id=\"video-29998-4\" width=\"1100\" height=\"619\" preload=\"metadata\" controls=\"controls\"><source type=\"video\/mp4\" src=\"https:\/\/www.entebilateralepadova.it\/terziario\/wp-content\/uploads\/2025\/11\/Silvia-Zanellato.mp4?_=4\" \/><a href=\"https:\/\/www.entebilateralepadova.it\/terziario\/wp-content\/uploads\/2025\/11\/Silvia-Zanellato.mp4\">https:\/\/www.entebilateralepadova.it\/terziario\/wp-content\/uploads\/2025\/11\/Silvia-Zanellato.mp4<\/a><\/video><\/div>\n<p>[\/vc_column_text][\/vc_column][\/vc_row][vc_row row_type=&#8221;row&#8221; content_width=&#8221;full-width&#8221; anchor=&#8221;&#8221; content_aligment=&#8221;left&#8221; css_animation=&#8221;&#8221; css=&#8221;.vc_custom_1515600245671{margin-top: 0px !important;border-top-width: 0px !important;padding-top: 0px !important;}&#8221;][vc_column][vc_empty_space height=&#8221;60px&#8221;]\n\n\t<div class=\"eltd-call-to-action normal\" style=\"padding: 10px 0px 0px 0px;;background-color: #ec582f;\">\n\n\t\t\t\t<div class=\"eltd-container-inner\">\n\t\t\t\t\t<div class=\"eltd-call-to-action-row-75-25 clearfix\">\n\t\t\n\t\t\t\t<div class=\"eltd-text-wrapper eltd-call-to-action-column1 eltd-call-to-action-cell\">\n\n\t\t\t\t\n\t\t\t\t\t<div class=\"eltd-call-to-action-text\" >\n\t\t\t\t\t\t<\/p>\n<h6 style=\"color: #fff !important;\">Per maggiori informazioni Vi preghiamo di contattare la Segreteria al n. <a href=\"tel:+390498209821\">049\/8209821<\/a> &#8211; <a href=\"tel:+390498209790\">049\/8209790<\/a><\/h6>\n<p>\t\t\t\t\t<\/div>\n\n\t\t\t\t<\/div>\n\n\t\t\t\t\n\t\t\t\t\t<div class=\"eltd-button-wrapper eltd-call-to-action-column2 eltd-call-to-action-cell\" style =\"text-align: right ;\">\n\n\t\t\t\t\t\t<a href=\"https:\/\/www.entebilateralepadova.it\/terziario\/?page_id=2746\" target=\"_self\" style=\"background-color: #ec582f\" class=\"eltd-btn eltd-btn-medium eltd-btn-solid\"  >    <span class=\"eltd-btn-text\">CONTATTACI<\/span>    <\/a>\n\t\t\t\t\t<\/div>\n\n\t\t\t\t\n\t\t\t<\/div>\n\n\t\t\t\t<\/div>\n\t\t\n\t<\/div>\n\n[\/vc_column][\/vc_row]<\/p>\n","protected":false},"excerpt":{"rendered":"<p>[vc_row row_type=&#8221;row&#8221; content_width=&#8221;grid&#8221; anchor=&#8221;&#8221; content_aligment=&#8221;left&#8221; css_animation=&#8221;&#8221;][vc_column][vc_empty_space][vc_empty_space height=&#8221;15px&#8221;][vc_column_text]La parit\u00e0 di genere \u00e8 una tematica importante nella societ\u00e0 contemporanea: riguarda l&#8217;uguaglianza di diritti, opportunit\u00e0 e trattamento tra le persone e mira a superare stereotipi e discriminazioni che limitano la partecipazione paritaria degli individui in tutti gli ambiti&#8230;.<\/p>\n","protected":false},"author":3,"featured_media":6784,"parent":0,"menu_order":0,"comment_status":"closed","ping_status":"closed","template":"full-width.php","meta":{"_acf_changed":false,"footnotes":""},"class_list":["post-29998","page","type-page","status-publish","has-post-thumbnail","hentry"],"acf":[],"_links":{"self":[{"href":"https:\/\/www.entebilateralepadova.it\/terziario\/wp-json\/wp\/v2\/pages\/29998","targetHints":{"allow":["GET"]}}],"collection":[{"href":"https:\/\/www.entebilateralepadova.it\/terziario\/wp-json\/wp\/v2\/pages"}],"about":[{"href":"https:\/\/www.entebilateralepadova.it\/terziario\/wp-json\/wp\/v2\/types\/page"}],"author":[{"embeddable":true,"href":"https:\/\/www.entebilateralepadova.it\/terziario\/wp-json\/wp\/v2\/users\/3"}],"replies":[{"embeddable":true,"href":"https:\/\/www.entebilateralepadova.it\/terziario\/wp-json\/wp\/v2\/comments?post=29998"}],"version-history":[{"count":4,"href":"https:\/\/www.entebilateralepadova.it\/terziario\/wp-json\/wp\/v2\/pages\/29998\/revisions"}],"predecessor-version":[{"id":30338,"href":"https:\/\/www.entebilateralepadova.it\/terziario\/wp-json\/wp\/v2\/pages\/29998\/revisions\/30338"}],"wp:featuredmedia":[{"embeddable":true,"href":"https:\/\/www.entebilateralepadova.it\/terziario\/wp-json\/wp\/v2\/media\/6784"}],"wp:attachment":[{"href":"https:\/\/www.entebilateralepadova.it\/terziario\/wp-json\/wp\/v2\/media?parent=29998"}],"curies":[{"name":"wp","href":"https:\/\/api.w.org\/{rel}","templated":true}]}}