{"id":5622,"date":"2018-01-31T14:37:53","date_gmt":"2018-01-31T14:37:53","guid":{"rendered":"http:\/\/www.entebilateralepadova.it\/terziario\/?page_id=5622"},"modified":"2026-02-10T09:12:38","modified_gmt":"2026-02-10T09:12:38","slug":"area-consulenti","status":"publish","type":"page","link":"https:\/\/www.entebilateralepadova.it\/terziario\/area-consulenti\/","title":{"rendered":"Consulenti"},"content":{"rendered":"<p>[vc_row row_type=&#8221;row&#8221; content_width=&#8221;grid&#8221; anchor=&#8221;&#8221; content_aligment=&#8221;left&#8221; css_animation=&#8221;&#8221;][vc_column][vc_empty_space]<div class=\"eltd-section-title-outer-holder animate\" style=\"text-align: center\">\n\t<div class=\"eltd-section-title-subtitle-holder\">\n\t\t<h3 class=\"eltd-section-subtitle\" style=\"font-size: 19px;\">ISTRUZIONI ACCESSO PORTALE DENUNCIA CONTRIBUTIVA<\/h3>\n\t<\/div>\n\t<div class=\"eltd-section-title-holder\">\n\t\t<h2 class=\"eltd-section-title\" style=\";\"><\/h2>\n\t<\/div>\n<\/div>[vc_empty_space height=&#8221;15px&#8221;][vc_column_text]Da gennaio 2026, tutte le domande di contributo per lavoratori e aziende dovranno essere presentate all\u2019Ente Bilaterale di Padova in via telematica, <strong><u>utilizzando esclusivamente l\u2019AREA RISERVATA accessibile dal sito dell\u2019ente<\/u><\/strong><u>,<\/u> dove gli stessi lavoratori e aziende potranno inserire le loro richieste di sussidio e di partecipazione a corsi di formazione, cos\u00ec da rendere pi\u00f9 snella e facile la procedura.<\/p>\n<p>Anche il Consulente del Lavoro potr\u00e0 accedere alla propria area riservata e potr\u00e0 caricare le richieste di parere di conformit\u00e0 per assunzione di apprendisti e per assunzione a tempo parziale (8 ore).<\/p>\n<p>sar\u00e0 necessario contattare la Segreteria dell&#8217;ente per avere il codice utente e il link di primo accesso tramite cui sar\u00e0 possibile impostare la password per entrare nell\u2019area riservata:<\/p>\n<p><a href=\"https:\/\/terziario.ar.entebilateralepadova.it\/ar_loginConsulente.jsp\">terziario.ar.entebilateralepadova.it\/ar_loginConsulente.jsp<\/a>[\/vc_column_text][\/vc_column][\/vc_row][vc_row row_type=&#8221;row&#8221; content_width=&#8221;grid&#8221; anchor=&#8221;&#8221; content_aligment=&#8221;left&#8221; css_animation=&#8221;&#8221;][vc_column]<div class=\"eltd-separator-holder clearfix  eltd-separator-center\">\n\t<div class=\"eltd-separator\" style=\"border-color: #eeeeee;border-style: solid;width: 100%;border-width: 1pxpx;margin-top: 10px;margin-bottom: 10px\"><\/div>\n<\/div>\n[\/vc_column][\/vc_row][vc_row row_type=&#8221;row&#8221; content_width=&#8221;grid&#8221; anchor=&#8221;&#8221; content_aligment=&#8221;left&#8221; css_animation=&#8221;&#8221;][vc_column width=&#8221;1\/2&#8243;][vc_empty_space]<div class=\"eltd-section-title-outer-holder animate\" style=\"text-align: center\">\n\t<div class=\"eltd-section-title-subtitle-holder\">\n\t\t<h3 class=\"eltd-section-subtitle\" style=\"font-size: 19px;\">AREA CONSULENTI<\/h3>\n\t<\/div>\n\t<div class=\"eltd-section-title-holder\">\n\t\t<h2 class=\"eltd-section-title\" style=\";\"><\/h2>\n\t<\/div>\n<\/div>[vc_empty_space height=&#8221;15px&#8221;][vc_column_text]<a href=\"https:\/\/www.entebilateralepadova.it\/terziario\/images\/mercato_lavoro\/istruzioni%20registrazioni%20sito%20consulente.pdf\" target=\"_blank\" rel=\"noopener\">Istruzioni registrazioni Consulenti\u00a0<\/a><\/p>\n<p><a href=\"https:\/\/www.entebilateralepadova.it\/terziario\/wp-content\/uploads\/2018\/06\/accettazione-regolamento-consulente.pdf\">Accettazione regolamento consulente<\/a><\/p>\n<p><a href=\"https:\/\/www.entebilateralepadova.it\/terziario\/wp-content\/uploads\/2018\/06\/modulorichiestapasswordconsulente.pdf\">Modulo richiesta password consulente<\/a><\/p>\n<p>LA SEGRETERIA DELL&#8217;ENTE SI OFFRE DI EFFETTUARE IL PRIMO CARICAMENTO DELLE ANAGRAFICHE DI TUTTE LE AZIENDE DI OGNI CONSULENTE PREVIO INVIO DELLA SCHEDA DATI AZIENDA E DEL MODULO DI ACCETTAZIONE DEL REGOLAMENTO COMPILATI IN OGNI PARTE[\/vc_column_text][\/vc_column][vc_column width=&#8221;1\/2&#8243;][vc_empty_space]<div class=\"eltd-section-title-outer-holder animate\" style=\"text-align: center\">\n\t<div class=\"eltd-section-title-subtitle-holder\">\n\t\t<h3 class=\"eltd-section-subtitle\" style=\"font-size: 19px;\">AREA AZIENDE<\/h3>\n\t<\/div>\n\t<div class=\"eltd-section-title-holder\">\n\t\t<h2 class=\"eltd-section-title\" style=\";\"><\/h2>\n\t<\/div>\n<\/div>[vc_empty_space height=&#8221;15px&#8221;][vc_column_text]<a href=\"https:\/\/www.entebilateralepadova.it\/terziario\/images\/mercato_lavoro\/istruzioni%20registrazioni%20sito%20web%20azienda.pdf\" target=\"_blank\" rel=\"noopener\">Istruzioni registrazioni Aziende<\/a><\/p>\n<p><a href=\"https:\/\/www.entebilateralepadova.it\/terziario\/wp-content\/uploads\/2018\/06\/accettazione-regolamento-azienda.pdf\">Accettazione regolamento azienda<\/a><\/p>\n<p><a href=\"https:\/\/www.entebilateralepadova.it\/terziario\/wp-content\/uploads\/2018\/06\/modulorichiestapasswordazienda.pdf\">Modulo richiesta password azienda<\/a>[\/vc_column_text][\/vc_column][\/vc_row][vc_row row_type=&#8221;row&#8221; content_width=&#8221;full-width&#8221; anchor=&#8221;&#8221; content_aligment=&#8221;left&#8221; css_animation=&#8221;&#8221; css=&#8221;.vc_custom_1515600245671{margin-top: 0px !important;border-top-width: 0px !important;padding-top: 0px !important;}&#8221;][vc_column][vc_empty_space height=&#8221;60px&#8221;]\n\n\t<div class=\"eltd-call-to-action normal\" style=\"padding: 10px 0px 0px 0px;;background-color: #ec582f;\">\n\n\t\t\t\t<div class=\"eltd-container-inner\">\n\t\t\t\t\t<div class=\"eltd-call-to-action-row-75-25 clearfix\">\n\t\t\n\t\t\t\t<div class=\"eltd-text-wrapper eltd-call-to-action-column1 eltd-call-to-action-cell\">\n\n\t\t\t\t\n\t\t\t\t\t<div class=\"eltd-call-to-action-text\" >\n\t\t\t\t\t\t<\/p>\n<h6 style=\"color: #fff !important;\">Per maggiori informazioni Vi preghiamo di contattare la Segreteria al n. <a href=\"tel:+390498209821\">049\/8209821<\/a> &#8211; <a href=\"tel:+390498209790\">049\/8209790<\/a><\/h6>\n<p>\t\t\t\t\t<\/div>\n\n\t\t\t\t<\/div>\n\n\t\t\t\t\n\t\t\t\t\t<div class=\"eltd-button-wrapper eltd-call-to-action-column2 eltd-call-to-action-cell\" style =\"text-align: right ;\">\n\n\t\t\t\t\t\t<a href=\"https:\/\/www.entebilateralepadova.it\/terziario\/?page_id=2746\" target=\"_self\" style=\"background-color: #ec582f\" class=\"eltd-btn eltd-btn-medium eltd-btn-solid\"  >    <span class=\"eltd-btn-text\">CONTATTACI<\/span>    <\/a>\n\t\t\t\t\t<\/div>\n\n\t\t\t\t\n\t\t\t<\/div>\n\n\t\t\t\t<\/div>\n\t\t\n\t<\/div>\n\n[\/vc_column][\/vc_row]<\/p>\n","protected":false},"excerpt":{"rendered":"<p>[vc_row row_type=&#8221;row&#8221; content_width=&#8221;grid&#8221; anchor=&#8221;&#8221; content_aligment=&#8221;left&#8221; css_animation=&#8221;&#8221;][vc_column][vc_empty_space][vc_empty_space height=&#8221;15px&#8221;][vc_column_text]Da gennaio 2026, tutte le domande di contributo per lavoratori e aziende dovranno essere presentate all\u2019Ente Bilaterale di Padova in via telematica, utilizzando esclusivamente l\u2019AREA RISERVATA accessibile dal sito dell\u2019ente, dove gli stessi lavoratori e aziende potranno inserire le&#8230;<\/p>\n","protected":false},"author":1,"featured_media":6784,"parent":0,"menu_order":0,"comment_status":"closed","ping_status":"closed","template":"full-width.php","meta":{"_acf_changed":false,"footnotes":""},"class_list":["post-5622","page","type-page","status-publish","has-post-thumbnail","hentry"],"acf":[],"_links":{"self":[{"href":"https:\/\/www.entebilateralepadova.it\/terziario\/wp-json\/wp\/v2\/pages\/5622","targetHints":{"allow":["GET"]}}],"collection":[{"href":"https:\/\/www.entebilateralepadova.it\/terziario\/wp-json\/wp\/v2\/pages"}],"about":[{"href":"https:\/\/www.entebilateralepadova.it\/terziario\/wp-json\/wp\/v2\/types\/page"}],"author":[{"embeddable":true,"href":"https:\/\/www.entebilateralepadova.it\/terziario\/wp-json\/wp\/v2\/users\/1"}],"replies":[{"embeddable":true,"href":"https:\/\/www.entebilateralepadova.it\/terziario\/wp-json\/wp\/v2\/comments?post=5622"}],"version-history":[{"count":13,"href":"https:\/\/www.entebilateralepadova.it\/terziario\/wp-json\/wp\/v2\/pages\/5622\/revisions"}],"predecessor-version":[{"id":32248,"href":"https:\/\/www.entebilateralepadova.it\/terziario\/wp-json\/wp\/v2\/pages\/5622\/revisions\/32248"}],"wp:featuredmedia":[{"embeddable":true,"href":"https:\/\/www.entebilateralepadova.it\/terziario\/wp-json\/wp\/v2\/media\/6784"}],"wp:attachment":[{"href":"https:\/\/www.entebilateralepadova.it\/terziario\/wp-json\/wp\/v2\/media?parent=5622"}],"curies":[{"name":"wp","href":"https:\/\/api.w.org\/{rel}","templated":true}]}}