{"id":5657,"date":"2018-01-31T16:43:59","date_gmt":"2018-01-31T16:43:59","guid":{"rendered":"http:\/\/www.entebilateralepadova.it\/terziario\/?page_id=5657"},"modified":"2018-01-31T16:43:59","modified_gmt":"2018-01-31T16:43:59","slug":"parere-di-conformita-per-assunzione-apprendisti","status":"publish","type":"page","link":"https:\/\/www.entebilateralepadova.it\/terziario\/parere-di-conformita-per-assunzione-apprendisti\/","title":{"rendered":"PARERE DI CONFORMITA&#8217; PER ASSUNZIONE APPRENDISTI"},"content":{"rendered":"<p>[vc_row row_type=&#8221;row&#8221; content_width=&#8221;grid&#8221; anchor=&#8221;&#8221; content_aligment=&#8221;left&#8221; css_animation=&#8221;&#8221;][vc_column][vc_empty_space]<div class=\"eltd-section-title-outer-holder animate\" style=\"text-align: center\">\n\t<div class=\"eltd-section-title-subtitle-holder\">\n\t\t<h3 class=\"eltd-section-subtitle\" style=\"font-size: 19px;\">PARERE DI CONFORMITA&#039; PER ASSUNZIONE APPRENDISTI<\/h3>\n\t<\/div>\n\t<div class=\"eltd-section-title-holder\">\n\t\t<h2 class=\"eltd-section-title\" style=\";\"><\/h2>\n\t<\/div>\n<\/div>[vc_empty_space height=&#8221;15px&#8221;][vc_column_text]<\/p>\n<p style=\"text-align: justify;\">L&#8217;apprendistato come definito dall&#8217;art n. 1 del Testo Unico dell&#8217;Apprendistato \u00e8 un contratto di lavoro a tempo indeterminato finalizzato all&#8217;occupazione dei giovani. Questa tipologia contrattuale oltre all&#8217;inserimento dei giovani nel mondo del lavoro \u00e8 finalizzata anche alla loro formazione: l&#8217;impresa infatti s&#8217;impegna a fornire all&#8217;apprendista la formazione professionale all&#8217;interno del rapporto di lavoro.<\/p>\n<p style=\"text-align: justify;\">E\u2019 necessario che le aziende che intendono assumere utilizzando questo tipo di contratto richiedano il preventivo parere di conformit\u00e0 per assunzione apprendisti all\u2019Ente Bilaterale territorialmente competente, come prescritto dall\u2019art. 4 dell&#8217; Accordo di Riordino Complessivo della Disciplina dell&#8217;Apprendistato nel settore terziario, distribuzione, servizi che ribadisce quanto segue:<br \/>\n\u201cI datori di lavoro che intendano assumere apprendisti, debbono presentare domanda, corredata dal piano formativo, predisposto anche sulla base di progetti standard, alla specifica Commissione dell\u2019Ente Bilaterale, prevista dalle norme contrattuali nazionali del Terziario, competente per territorio, la quale esprimer\u00e0 il proprio parere di conformit\u00e0 in rapporto alle norme previste dalla predetta disciplina in materia di apprendistato, ai programmi di formazione indicati dall\u2019azienda ed ai contenuti del piano formativo, finalizzato al conseguimento delle specifiche qualifiche professionali. (\u2026)\u201d.<\/p>\n<p style=\"text-align: justify;\">ATTENZIONE!!! Si ricorda l\u2019impegno a comunicare l\u2019avvenuta assunzione dell\u2019apprendista spedendo copia del modello C\/ASS, e eventuale successiva cessazione del rapporto di lavoro.<br \/>\nIl tutto a fini dell&#8217;aggiornamento dell&#8217;Osservatorio Provinciale del mercato del lavoro nonch\u00e8 al fine della corretta applicazione degli Accordi Nazionali Teritoriali in materia.<\/p>\n<p style=\"text-align: justify;\"><strong>ISTRUZIONI UTILIZZO NUOVO PARERE CONFORMITA\u2019 ON LINE IN VIGORE DA MARZO 2013<\/strong><\/p>\n<ol style=\"text-align: justify;\">\n<li>Se non si \u00e8 gi\u00e0 in possesso della password per l\u2019utilizzo del portale\u00a0<a href=\"https:\/\/ebt.entebilateralepadova.it\/\">https:\/\/ebt.entebilateralepadova.it<\/a>, fare richiesta via e-mail alla segreteria dell\u2019ente ai seguenti indirizzi:\u00a0<a href=\"mailto:segreteria@entebilateralepadova.it\">segreteria@entebilateralepadova.it<\/a>\u00a0\u00a0\u00a0 &#8211;\u00a0\u00a0<a href=\"mailto:info@entebilateralepadova.it\">info@entebilateralepadova.it<\/a><\/li>\n<li>Entrare nel sito\u00a0<a href=\"https:\/\/ebt.entebilateralepadova.it\/\">https:\/\/ebt.entebilateralepadova.it<\/a>\u00a0con la password rilasciata dall\u2019Ente Bilaterale di Padova<\/li>\n<li>Andare alla voce \u201cPARERI DI CONFORMITA\u2019\u201d, per compilare la richiesta di parere di conformit\u00e0<\/li>\n<li>Cliccare sul bottone \u201cINSERISCI NUOVO PARERE\u201d<\/li>\n<li>Compilare il modulo PARERE DI CONFORMITA\u2019 in tutti i campi altrimenti il sistema non permetter\u00e0 di continuare (apporre anche il flag per la firma digitale e il flag per il consenso al trattamento dati)<\/li>\n<li>Una volta compilato il modulo, cliccare sul bottone \u201cSALVA\u201d in fondo alla pagina<\/li>\n<li>Se non \u00e8 necessario apportare modifiche, cliccare sul bottone \u201cSOTTOPONI IL PARERE ALL\u2019ENTE\u201d per inviare alla Commissione Paritetica la richiesta di parere<\/li>\n<li>Una volta riunitasi la Commissione Paritetica*, arriver\u00e0 all\u2019indirizzo e-mail che avrete indicato in alto a sinistra nel modulo parere di conformit\u00e0 (dove c\u2019\u00e8 l\u2019intestazione \u201cSpett. COMMISSIONE PARITETICA PROVINCIALE\u201d\u2026) l\u2019avviso che il parere \u00e8 stato approvato e quindi entrando nel sito\u00a0<a href=\"https:\/\/ebt.entebilateralepadova.it\/\">https:\/\/ebt.entebilateralepadova.it<\/a>\u00a0potrete visionarlo e stamparlo.<\/li>\n<\/ol>\n<p style=\"text-align: justify;\">*Per tutte le richieste di parere di conformit\u00e0 compilate sul portale\u00a0<a href=\"https:\/\/ebt.entebilateralepadova.it\/\">https:\/\/ebt.entebilateralepadova.it<\/a>\u00a0e sottoposte alla Commissione Paritetica entro il luned\u00ec mattina verr\u00e0 data una risposta entro il gioved\u00ec successivo; per tutte le richieste di parere di conformit\u00e0 compilate e sottoposte alla Commissione entro il gioved\u00ec mattina verr\u00e0 data una risposta entro il luned\u00ec successivo.<\/p>\n<p>[\/vc_column_text][\/vc_column][\/vc_row][vc_row row_type=&#8221;row&#8221; content_width=&#8221;full-width&#8221; anchor=&#8221;&#8221; content_aligment=&#8221;left&#8221; css_animation=&#8221;&#8221; css=&#8221;.vc_custom_1515600245671{margin-top: 0px !important;border-top-width: 0px !important;padding-top: 0px !important;}&#8221;][vc_column][vc_empty_space height=&#8221;60px&#8221;]\n\n\t<div class=\"eltd-call-to-action normal\" style=\"padding: 10px 0px 0px 0px;;background-color: #ec582f;\">\n\n\t\t\t\t<div class=\"eltd-container-inner\">\n\t\t\t\t\t<div class=\"eltd-call-to-action-row-75-25 clearfix\">\n\t\t\n\t\t\t\t<div class=\"eltd-text-wrapper eltd-call-to-action-column1 eltd-call-to-action-cell\">\n\n\t\t\t\t\n\t\t\t\t\t<div class=\"eltd-call-to-action-text\" >\n\t\t\t\t\t\t<\/p>\n<h6 style=\"color: #fff !important;\">Per maggiori informazioni Vi preghiamo di contattare la Segreteria al n. <a href=\"tel:+390498209821\">049\/8209821<\/a> &#8211; <a href=\"tel:+390498209790\">049\/8209790<\/a><\/h6>\n<p>\t\t\t\t\t<\/div>\n\n\t\t\t\t<\/div>\n\n\t\t\t\t\n\t\t\t\t\t<div class=\"eltd-button-wrapper eltd-call-to-action-column2 eltd-call-to-action-cell\" style =\"text-align: right ;\">\n\n\t\t\t\t\t\t<a href=\"https:\/\/www.entebilateralepadova.it\/terziario\/?page_id=2746\" target=\"_self\" style=\"background-color: #ec582f\" class=\"eltd-btn eltd-btn-medium eltd-btn-solid\"  >    <span class=\"eltd-btn-text\">CONTATTACI<\/span>    <\/a>\n\t\t\t\t\t<\/div>\n\n\t\t\t\t\n\t\t\t<\/div>\n\n\t\t\t\t<\/div>\n\t\t\n\t<\/div>\n\n[\/vc_column][\/vc_row]<\/p>\n","protected":false},"excerpt":{"rendered":"<p>[vc_row row_type=&#8221;row&#8221; content_width=&#8221;grid&#8221; anchor=&#8221;&#8221; content_aligment=&#8221;left&#8221; css_animation=&#8221;&#8221;][vc_column][vc_empty_space][vc_empty_space height=&#8221;15px&#8221;][vc_column_text] L&#8217;apprendistato come definito dall&#8217;art n. 1 del Testo Unico dell&#8217;Apprendistato \u00e8 un contratto di lavoro a tempo indeterminato finalizzato all&#8217;occupazione dei giovani. Questa tipologia contrattuale oltre all&#8217;inserimento dei giovani nel mondo del lavoro \u00e8 finalizzata anche alla loro&#8230;<\/p>\n","protected":false},"author":1,"featured_media":6784,"parent":0,"menu_order":0,"comment_status":"closed","ping_status":"closed","template":"full-width.php","meta":{"_acf_changed":false,"footnotes":""},"class_list":["post-5657","page","type-page","status-publish","has-post-thumbnail","hentry"],"acf":[],"_links":{"self":[{"href":"https:\/\/www.entebilateralepadova.it\/terziario\/wp-json\/wp\/v2\/pages\/5657","targetHints":{"allow":["GET"]}}],"collection":[{"href":"https:\/\/www.entebilateralepadova.it\/terziario\/wp-json\/wp\/v2\/pages"}],"about":[{"href":"https:\/\/www.entebilateralepadova.it\/terziario\/wp-json\/wp\/v2\/types\/page"}],"author":[{"embeddable":true,"href":"https:\/\/www.entebilateralepadova.it\/terziario\/wp-json\/wp\/v2\/users\/1"}],"replies":[{"embeddable":true,"href":"https:\/\/www.entebilateralepadova.it\/terziario\/wp-json\/wp\/v2\/comments?post=5657"}],"version-history":[{"count":1,"href":"https:\/\/www.entebilateralepadova.it\/terziario\/wp-json\/wp\/v2\/pages\/5657\/revisions"}],"predecessor-version":[{"id":5658,"href":"https:\/\/www.entebilateralepadova.it\/terziario\/wp-json\/wp\/v2\/pages\/5657\/revisions\/5658"}],"wp:featuredmedia":[{"embeddable":true,"href":"https:\/\/www.entebilateralepadova.it\/terziario\/wp-json\/wp\/v2\/media\/6784"}],"wp:attachment":[{"href":"https:\/\/www.entebilateralepadova.it\/terziario\/wp-json\/wp\/v2\/media?parent=5657"}],"curies":[{"name":"wp","href":"https:\/\/api.w.org\/{rel}","templated":true}]}}