{"id":6374,"date":"2019-09-18T12:49:54","date_gmt":"2019-09-18T12:49:54","guid":{"rendered":"https:\/\/www.entebilateralepadova.it\/terziario\/?page_id=6374"},"modified":"2026-02-18T09:43:40","modified_gmt":"2026-02-18T09:43:40","slug":"d-13-tasse-universitarie-figli","status":"publish","type":"page","link":"https:\/\/www.entebilateralepadova.it\/terziario\/d-13-tasse-universitarie-figli\/","title":{"rendered":"D\/13 BONUS TASSE UNIVERSITARIE FIGLI"},"content":{"rendered":"<p>[vc_row row_type=&#8221;row&#8221; content_width=&#8221;grid&#8221; anchor=&#8221;&#8221; content_aligment=&#8221;left&#8221; css_animation=&#8221;&#8221;][vc_column][vc_empty_space]<div class=\"eltd-section-title-outer-holder animate\" style=\"text-align: center\">\n\t<div class=\"eltd-section-title-subtitle-holder\">\n\t\t<h3 class=\"eltd-section-subtitle\" style=\"font-size: 19px;\">D\/13 BONUS TASSE UNIVERISTARIE FIGLI<\/h3>\n\t<\/div>\n\t<div class=\"eltd-section-title-holder\">\n\t\t<h2 class=\"eltd-section-title\" style=\";\"><\/h2>\n\t<\/div>\n<\/div>[vc_empty_space height=&#8221;15px&#8221;][vc_column_text]<\/p>\n<p style=\"text-align: justify;\"><strong>Ai lavoratori aderenti da almeno 3 mesi sar\u00e0 corrisposto<\/strong> un contributo\u00a0per ciascun figlio frequentante l&#8217;universit\u00e0 (non per studenti fuori corso). La presentazione della richiesta \u00e8 vincolata al limite di reddito complessivo lordo dei genitori desunto dalla denuncia dei redditi cos\u00ec definito:<\/p>\n<p>\u2013 limite massimo pari a euro 60.000,00 lordi qualora il nucleo famigliare sia composto da un solo figlio;<br \/>\n\u2013 limite massimo pari a euro 70.000,00 lordi qualora il nucleo famigliare sia composto da pi\u00f9 di un figlio.<\/p>\n<h4 style=\"margin: 0cm; margin-bottom: .0001pt; text-align: justify; line-height: 115%;\"><span style=\"font-size: 11.0pt; line-height: 115%; font-family: 'Arial',sans-serif;\">Il contributo sar\u00e0 erogato come segue:<\/span><\/h4>\n<h4 style=\"margin: 0cm; margin-bottom: .0001pt; text-align: justify; line-height: 115%;\"><span style=\"font-size: 11.0pt; line-height: 115%; font-family: 'Arial',sans-serif;\">&#8211;\u00a0<strong><span style=\"font-family: 'Arial',sans-serif;\">fino ad un massimo pari a euro 1.000,00 lordi<\/span><\/strong> qualora la somma del reddito lordo dei genitori sia inferiore a euro 40.000,00<\/span><\/h4>\n<h4 style=\"margin: 0cm; margin-bottom: .0001pt; text-align: justify; line-height: 115%;\"><span style=\"font-size: 11.0pt; line-height: 115%; font-family: 'Arial',sans-serif;\">&#8211;\u00a0<strong><span style=\"font-family: 'Arial',sans-serif;\">fino ad un massimo pari a euro 600,00 lordi<\/span><\/strong> qualora la somma del reddito lordo dei genitori sia superiore ai 40.000,00.<\/span><\/h4>\n<p style=\"text-align: justify;\"><span style=\"text-decoration: underline;\">Il richiedente, con il modello apposito di richiesta COMPILATO IN TUTTE LE SUE PARTI, <strong>DEVE ALLEGARE TUTTA LA SEGUENTE DOCUMENTAZIONE<\/strong><\/span>:<\/p>\n<p style=\"text-align: justify;\">a) <strong>quietanza relativa al pagamento delle tasse universitarie <\/strong>dell&#8217;anno solare per cui si fa richiesta;<\/p>\n<p style=\"text-align: justify;\">b)\u00a0<strong>ultima busta paga precedente la data della quietanza di pagamento<\/strong>;<\/p>\n<p style=\"text-align: justify;\">d) <strong>autocertificazione di stato famiglia<\/strong>\u00a0&#8211; si ricorda che l&#8217;Ente Bilaterale della provincia di Padova si riserva di effettuare eventuali verifiche sulla veridicit\u00e0 dei dati forniti;<\/p>\n<p>e) <strong>copia del certificato di iscrizione<\/strong> all&#8217;universit\u00e0 con carriera;<\/p>\n<p style=\"text-align: justify;\">f) <strong>dichiarazione dei redditi<\/strong> (prima pagina del modello 730 o Unico + pagina di riepilogo dei redditi, dove \u00e8 indicato il reddito complessivo lordo,\u00a0di entrambi i genitori;<\/p>\n<p style=\"text-align: justify;\">TERMINE DI PRESENTAZIONE: entro 90 giorni dall&#8217;ultimo pagamento effettuato.<\/p>\n<p style=\"text-align: justify;\">SI RICORDA CHE LE DOMANDE VANNO SPEDITE ESCLUSIVAMENTE TRAMITE L&#8217;APPOSITA AREA RISERVATA<\/p>\n<p style=\"text-align: justify;\">Le domande incomplete e non rispondenti al regolamento o che pervenissero fuori del termine stabilito non saranno prese in considerazione.<\/p>\n<p style=\"text-align: justify;\"><strong>SI RICORDA CHE I SUSSIDI VERRANNO EROGATI IN BASE ALLE DISPONIBILITA&#8217; ECONOMICHE DELL&#8217;ENTE e pertanto L\u2019Ente, a suo insindacabile giudizio, in relazione ai capitali di spesa che saranno periodicamente valutati compatibilmente con le disponibilit\u00e0 economiche, si riserva di poter modificare o annullare la erogazione di tutti o di parte dei sussidi offerti alle aziende e ai lavoratori.<\/strong><\/p>\n<p style=\"text-align: justify;\"><strong>L\u2019Ente si riserva inoltre di valutare le domande pervenute entro i termini previsti secondo il criterio di precedenza e il criterio di turnazione in base alle risorse disponibili.<\/strong><\/p>\n<p>&nbsp;<\/p>\n<p>Clicca sul link per accedere all&#8217;AREA RISERVATA <a href=\"https:\/\/terziario.ar.entebilateralepadova.it\/\/ar_login.jsp\" target=\"_blank\" rel=\"noopener\"><em>terziario.ar.entebilateralepadova.it<\/em><\/a>[\/vc_column_text][\/vc_column][\/vc_row][vc_row row_type=&#8221;row&#8221; content_width=&#8221;full-width&#8221; anchor=&#8221;&#8221; content_aligment=&#8221;left&#8221; css_animation=&#8221;&#8221; css=&#8221;.vc_custom_1515600245671{margin-top: 0px !important;border-top-width: 0px !important;padding-top: 0px !important;}&#8221;][vc_column][vc_empty_space height=&#8221;60px&#8221;]\n\n\t<div class=\"eltd-call-to-action normal\" style=\"padding: 10px 0px 0px 0px;;background-color: #ec582f;\">\n\n\t\t\t\t<div class=\"eltd-container-inner\">\n\t\t\t\t\t<div class=\"eltd-call-to-action-row-75-25 clearfix\">\n\t\t\n\t\t\t\t<div class=\"eltd-text-wrapper eltd-call-to-action-column1 eltd-call-to-action-cell\">\n\n\t\t\t\t\n\t\t\t\t\t<div class=\"eltd-call-to-action-text\" >\n\t\t\t\t\t\t<\/p>\n<h6 style=\"color: #fff !important;\">Per maggiori informazioni Vi preghiamo di contattare la Segreteria al n. <a href=\"tel:+390498209821\">049\/8209821<\/a> &#8211; <a href=\"tel:+390498209790\">049\/8209790<\/a><\/h6>\n<p>\t\t\t\t\t<\/div>\n\n\t\t\t\t<\/div>\n\n\t\t\t\t\n\t\t\t\t\t<div class=\"eltd-button-wrapper eltd-call-to-action-column2 eltd-call-to-action-cell\" style =\"text-align: right ;\">\n\n\t\t\t\t\t\t<a href=\"https:\/\/www.entebilateralepadova.it\/terziario\/?page_id=2746\" target=\"_self\" style=\"background-color: #ec582f\" class=\"eltd-btn eltd-btn-medium eltd-btn-solid\"  >    <span class=\"eltd-btn-text\">CONTATTACI<\/span>    <\/a>\n\t\t\t\t\t<\/div>\n\n\t\t\t\t\n\t\t\t<\/div>\n\n\t\t\t\t<\/div>\n\t\t\n\t<\/div>\n\n[\/vc_column][\/vc_row]<\/p>\n","protected":false},"excerpt":{"rendered":"<p>[vc_row row_type=&#8221;row&#8221; content_width=&#8221;grid&#8221; anchor=&#8221;&#8221; content_aligment=&#8221;left&#8221; css_animation=&#8221;&#8221;][vc_column][vc_empty_space][vc_empty_space height=&#8221;15px&#8221;][vc_column_text] Ai lavoratori aderenti da almeno 3 mesi sar\u00e0 corrisposto un contributo\u00a0per ciascun figlio frequentante l&#8217;universit\u00e0 (non per studenti fuori corso). La presentazione della richiesta \u00e8 vincolata al limite di reddito complessivo lordo dei genitori desunto dalla denuncia dei&#8230;<\/p>\n","protected":false},"author":3,"featured_media":6784,"parent":0,"menu_order":0,"comment_status":"closed","ping_status":"closed","template":"full-width.php","meta":{"_acf_changed":false,"footnotes":""},"class_list":["post-6374","page","type-page","status-publish","has-post-thumbnail","hentry"],"acf":[],"_links":{"self":[{"href":"https:\/\/www.entebilateralepadova.it\/terziario\/wp-json\/wp\/v2\/pages\/6374","targetHints":{"allow":["GET"]}}],"collection":[{"href":"https:\/\/www.entebilateralepadova.it\/terziario\/wp-json\/wp\/v2\/pages"}],"about":[{"href":"https:\/\/www.entebilateralepadova.it\/terziario\/wp-json\/wp\/v2\/types\/page"}],"author":[{"embeddable":true,"href":"https:\/\/www.entebilateralepadova.it\/terziario\/wp-json\/wp\/v2\/users\/3"}],"replies":[{"embeddable":true,"href":"https:\/\/www.entebilateralepadova.it\/terziario\/wp-json\/wp\/v2\/comments?post=6374"}],"version-history":[{"count":29,"href":"https:\/\/www.entebilateralepadova.it\/terziario\/wp-json\/wp\/v2\/pages\/6374\/revisions"}],"predecessor-version":[{"id":32373,"href":"https:\/\/www.entebilateralepadova.it\/terziario\/wp-json\/wp\/v2\/pages\/6374\/revisions\/32373"}],"wp:featuredmedia":[{"embeddable":true,"href":"https:\/\/www.entebilateralepadova.it\/terziario\/wp-json\/wp\/v2\/media\/6784"}],"wp:attachment":[{"href":"https:\/\/www.entebilateralepadova.it\/terziario\/wp-json\/wp\/v2\/media?parent=6374"}],"curies":[{"name":"wp","href":"https:\/\/api.w.org\/{rel}","templated":true}]}}