{"id":11374,"date":"2024-05-13T12:06:21","date_gmt":"2024-05-13T10:06:21","guid":{"rendered":"https:\/\/www.entebilateralepadova.it\/turismo\/?page_id=11374"},"modified":"2026-01-23T10:40:45","modified_gmt":"2026-01-23T09:40:45","slug":"d-21-bonus-maternita-oltre-periodo-facoltativo","status":"publish","type":"page","link":"https:\/\/www.entebilateralepadova.it\/turismo\/d-21-bonus-maternita-oltre-periodo-facoltativo\/","title":{"rendered":"D\/21 BONUS MATERNITA&#8217;\/PATERNITA&#8217; OLTRE PERIODO FACOLTATIVO"},"content":{"rendered":"<p>[vc_row row_type=&#8221;row&#8221; content_width=&#8221;grid&#8221; anchor=&#8221;&#8221; content_aligment=&#8221;left&#8221; css_animation=&#8221;&#8221;][vc_column][vc_empty_space]<div class=\"eltd-section-title-outer-holder animate\" style=\"text-align: center\">\n\t<div class=\"eltd-section-title-subtitle-holder\">\n\t\t<h3 class=\"eltd-section-subtitle\" style=\"font-size: 19px;\">D\/21 BONUS MATERNITA&#039;\/PATERNITA&#039; OLTRE PERIODO FACOLTATIVO<\/h3>\n\t<\/div>\n\t<div class=\"eltd-section-title-holder\">\n\t\t<h2 class=\"eltd-section-title\" style=\";\"><\/h2>\n\t<\/div>\n<\/div>[vc_empty_space height=&#8221;15px&#8221;][vc_column_text]<\/p>\n<div class=\"wpb_text_column wpb_content_element \">\n<div class=\"wpb_wrapper\">\n<p>Sar\u00e0 corrisposto un <strong>contributo alla lavoratrice madre<\/strong> (aderente all&#8217;ente bilaterale da almeno 6 mesi)<strong> o in sostituzione al lavoratore padre <\/strong>(aderente all\u2019ente da almeno 6 mesi), che goduto tutto il periodo previsto dalla legge <strong>per l\u2019astensione facoltativa post-maternit\u00e0<\/strong>, richieda ed ottenga dall\u2019azienda un periodo di astensione non retribuita a partire dal termine dell\u2019astensione facoltativa: importo erogato<strong> euro 300,00 lordi<\/strong> al mese per massimo 3 mensilit\u00e0 (se l&#8217;astensione \u00e8 goduta non per il mese intero ma ad ore, \u00e8 necessario inviare la documentazione per un periodo di astensione pari ad almeno 40 ore).<\/p>\n<p>Il richiedente, con il <strong>modello apposito di richiesta COMPILATO IN TUTTE LE SUE PARTI<\/strong>, <strong>DEVE ALLEGARE TUTTA LA SEGUENTE DOCUMENTAZIONE<\/strong>:<\/p>\n<p><strong>a) Autocertificazione di Stato di Famiglia<\/strong> &#8211; si ricorda che l&#8217;Ente Bilaterale si riserva di effettuare eventuali verifiche sulla veridicit\u00e0 dei dati forniti;<\/p>\n<p><strong>b) Lettera di richiesta dell\u2019astensione non retribuita per maternit\u00e0 o paternit\u00e0 post facoltativa<\/strong>;<\/p>\n<p><strong>c)<\/strong> <strong>Lettera\u00a0 di concessione dell\u2019astensione non retribuita per maternit\u00e0 post facoltativa da parte del datore di lavoro<\/strong>;<\/p>\n<p><strong>d) Buste paga del periodo di astensione non retribuita<\/strong>;<\/p>\n<p><strong>e) copia dell\u2019ultima busta paga precedente la data di astensione<\/strong>;<\/p>\n<p>Nel caso di conviventi o coniugi entrambi lavoratori del settore turismo, il sussidio sar\u00e0 erogato solo ad uno dei due richiedenti.<\/p>\n<p><strong>TERMINI DI PRESENTAZIONE:<\/strong> ENTRO 90 GIORNI DALLA FINE DEL PERIODO DI ASTENSIONE PER CUI SI RICHIEDE IL CONTRIBUTO.<\/p>\n<p style=\"text-align: justify;\"><strong>SI RICORDA CHE LE DOMANDE VANNO SPEDITE ESCLUSIVAMENTE TRAMITE L&#8217;APPOSITA AREA RISERVATA.<\/strong><\/p>\n<p style=\"text-align: justify;\"><strong>SI RICORDA CHE I SUSSIDI VERRANNO EROGATI IN BASE ALLE DISPONIBILITA&#8217; ECONOMICHE DELL&#8217;ENTE e pertanto L\u2019Ente, a suo insindacabile giudizio, in relazione ai capitoli di spesa che saranno periodicamente valutati compatibilmente con le disponibilit\u00e0 economiche, si riserva di poter modificare o annullare l&#8217;erogazione di tutti o di parte dei sussidi offerti alle aziende e ai lavoratori. L\u2019Ente si riserva inoltre di valutare le domande pervenute entro i termini previsti secondo il criterio di precedenza e il criterio di turnazione in base alle risorse disponibili.<\/strong><\/p>\n<p style=\"text-align: justify;\">Le domande incomplete e non rispondenti al regolamento o che pervenissero fuori del termine stabilito non saranno prese in considerazione.<\/p>\n<p>&nbsp;<\/p>\n<p>Per accedere all&#8217;AREA RISERVATA clicca sul link <a href=\"https:\/\/turismo.ar.entebilateralepadova.it\/\/ar_login.jsp\" target=\"_blank\" rel=\"noopener\"><em>turismo.ar.entebilateralepadova.it\u00a0<\/em><\/a><\/p>\n<\/div>\n<\/div>\n<p>[\/vc_column_text][\/vc_column][\/vc_row][vc_row row_type=&#8221;row&#8221; content_width=&#8221;full-width&#8221; anchor=&#8221;&#8221; content_aligment=&#8221;left&#8221; css_animation=&#8221;&#8221; css=&#8221;.vc_custom_1515600245671{margin-top: 0px !important;border-top-width: 0px !important;padding-top: 0px !important;}&#8221;][vc_column][vc_empty_space height=&#8221;60px&#8221;]\n\n\t<div class=\"eltd-call-to-action normal\" style=\"padding: 10px 0px 0px 0px;;background-color: #ec582f;\">\n\n\t\t\t\t<div class=\"eltd-container-inner\">\n\t\t\t\t\t<div class=\"eltd-call-to-action-row-75-25 clearfix\">\n\t\t\n\t\t\t\t<div class=\"eltd-text-wrapper eltd-call-to-action-column1 eltd-call-to-action-cell\">\n\n\t\t\t\t\n\t\t\t\t\t<div class=\"eltd-call-to-action-text\" >\n\t\t\t\t\t\t<\/p>\n<h6 style=\"color: #fff !important;\">Per maggiori informazioni Vi preghiamo di contattare la Segreteria al n. <a href=\"tel:+390498209821\">049\/8209821<\/a> &#8211; <a href=\"tel:+390498209790\">049\/8209790<\/a><\/h6>\n<p>\t\t\t\t\t<\/div>\n\n\t\t\t\t<\/div>\n\n\t\t\t\t\n\t\t\t\t\t<div class=\"eltd-button-wrapper eltd-call-to-action-column2 eltd-call-to-action-cell\" style =\"text-align: right ;\">\n\n\t\t\t\t\t\t<a href=\"https:\/\/www.entebilateralepadova.it\/turismo\/?page_id=2746\" target=\"_self\" style=\"background-color: #ec582f\" class=\"eltd-btn eltd-btn-medium eltd-btn-solid\"  >    <span class=\"eltd-btn-text\">CONTATTACI<\/span>    <\/a>\n\t\t\t\t\t<\/div>\n\n\t\t\t\t\n\t\t\t<\/div>\n\n\t\t\t\t<\/div>\n\t\t\n\t<\/div>\n\n[\/vc_column][\/vc_row]<\/p>\n","protected":false},"excerpt":{"rendered":"<p>[vc_row row_type=&#8221;row&#8221; content_width=&#8221;grid&#8221; anchor=&#8221;&#8221; content_aligment=&#8221;left&#8221; css_animation=&#8221;&#8221;][vc_column][vc_empty_space][vc_empty_space height=&#8221;15px&#8221;][vc_column_text] Sar\u00e0 corrisposto un contributo alla lavoratrice madre (aderente all&#8217;ente bilaterale da almeno 6 mesi) o in sostituzione al lavoratore padre (aderente all\u2019ente da almeno 6 mesi), che goduto tutto il periodo previsto dalla legge per l\u2019astensione facoltativa post-maternit\u00e0,&#8230;<\/p>\n","protected":false},"author":3,"featured_media":0,"parent":0,"menu_order":0,"comment_status":"closed","ping_status":"closed","template":"full-width.php","meta":{"_acf_changed":false,"footnotes":""},"class_list":["post-11374","page","type-page","status-publish","hentry"],"acf":[],"_links":{"self":[{"href":"https:\/\/www.entebilateralepadova.it\/turismo\/wp-json\/wp\/v2\/pages\/11374","targetHints":{"allow":["GET"]}}],"collection":[{"href":"https:\/\/www.entebilateralepadova.it\/turismo\/wp-json\/wp\/v2\/pages"}],"about":[{"href":"https:\/\/www.entebilateralepadova.it\/turismo\/wp-json\/wp\/v2\/types\/page"}],"author":[{"embeddable":true,"href":"https:\/\/www.entebilateralepadova.it\/turismo\/wp-json\/wp\/v2\/users\/3"}],"replies":[{"embeddable":true,"href":"https:\/\/www.entebilateralepadova.it\/turismo\/wp-json\/wp\/v2\/comments?post=11374"}],"version-history":[{"count":14,"href":"https:\/\/www.entebilateralepadova.it\/turismo\/wp-json\/wp\/v2\/pages\/11374\/revisions"}],"predecessor-version":[{"id":14810,"href":"https:\/\/www.entebilateralepadova.it\/turismo\/wp-json\/wp\/v2\/pages\/11374\/revisions\/14810"}],"wp:attachment":[{"href":"https:\/\/www.entebilateralepadova.it\/turismo\/wp-json\/wp\/v2\/media?parent=11374"}],"curies":[{"name":"wp","href":"https:\/\/api.w.org\/{rel}","templated":true}]}}