{"id":1477,"date":"2015-11-06T14:36:40","date_gmt":"2015-11-06T14:36:40","guid":{"rendered":"http:\/\/chandelier.elated-themes.com\/?page_id=1477"},"modified":"2025-07-28T11:23:23","modified_gmt":"2025-07-28T09:23:23","slug":"turismo-homepage","status":"publish","type":"page","link":"https:\/\/www.entebilateralepadova.it\/turismo\/","title":{"rendered":"Home"},"content":{"rendered":"<p>[vc_row row_type=&#8221;row&#8221; content_width=&#8221;full-width&#8221; anchor=&#8221;&#8221; content_aligment=&#8221;left&#8221; css_animation=&#8221;&#8221; css=&#8221;.vc_custom_1753694600892{margin-top: 0px !important;border-top-width: 0px !important;padding-top: 0px !important;}&#8221; el_class=&#8221;d-none&#8221;][vc_column]\n\n\t<div class=\"eltd-call-to-action normal\" style=\"padding: 10px 0px 0px 0px;;background-color: #04293a;\">\n\n\t\t\t\t<div class=\"eltd-container-inner\">\n\t\t\t\t\t<div class=\"eltd-call-to-action-row-75-25 clearfix\">\n\t\t\n\t\t\t\t<div class=\"eltd-text-wrapper eltd-call-to-action-column1 eltd-call-to-action-cell\">\n\n\t\t\t\t\n\t\t\t\t\t<div class=\"eltd-call-to-action-text\" >\n\t\t\t\t\t\t<\/p>\n<h6 style=\"padding-top: 10px;\"><img decoding=\"async\" id=\"logo-fascia\" class=\"alignnone size-full wp-image-6644\" style=\"height: 30px; vertical-align: middle; margin-right: 15px; padding-right: 15px; padding-bottom: 10px; padding-top: 10px;\" src=\"https:\/\/www.padovajob.it\/wp-content\/uploads\/2019\/01\/PadovaJob-Logo.png\" alt=\"\" \/><span style=\"color: #fff; font-family: Raleway; font-size: 21px;\">Visita il nostro nuovo portale lavoro <\/span><\/h6>\n<p>\t\t\t\t\t<\/div>\n\n\t\t\t\t<\/div>\n\n\t\t\t\t\n\t\t\t\t\t<div class=\"eltd-button-wrapper eltd-call-to-action-column2 eltd-call-to-action-cell\" style =\"text-align: right ;\">\n\n\t\t\t\t\t\t<a href=\"https:\/\/www.padovajob.it\" target=\"_blank\" style=\"background-color: #86cee4\" class=\"eltd-btn eltd-btn-medium eltd-btn-solid\"  >    <span class=\"eltd-btn-text\">CLICCA QUI<\/span>    <\/a>\n\t\t\t\t\t<\/div>\n\n\t\t\t\t\n\t\t\t<\/div>\n\n\t\t\t\t<\/div>\n\t\t\n\t<\/div>\n\n[\/vc_column][\/vc_row][vc_row row_type=&#8221;row&#8221; content_width=&#8221;full-width&#8221; anchor=&#8221;&#8221; content_aligment=&#8221;left&#8221; css_animation=&#8221;&#8221; el_id=&#8221;servizi1&#8243;][vc_column][vc_empty_space height=&#8221;40&#8243;]<div class=\"eltd-section-title-outer-holder \" style=\"text-align: center\">\n\t<div class=\"eltd-section-title-subtitle-holder\">\n\t\t<h3 class=\"eltd-section-subtitle\" style=\";color: #004a8b\">ente bilaterale padova<\/h3>\n\t<\/div>\n\t<div class=\"eltd-section-title-holder\">\n\t\t<h2 class=\"eltd-section-title\" style=\";\">turismo<\/h2>\n\t<\/div>\n<\/div>[vc_empty_space height=&#8221;15&#8243;][vc_row_inner row_type=&#8221;row&#8221; content_width=&#8221;grid&#8221; content_aligment=&#8221;left&#8221; css_animation=&#8221;&#8221;][vc_column_inner][vc_column_text]<\/p>\n<p style=\"text-align: center;\">L\u2019Ente Bilaterale Turismo Padova Terme Euganee nasce il 31 gennaio 2018 dalla fusione tra l\u2019OBTA Organismo Bilaterale Termo Alberghiero e l\u2019Ente Bilaterale della Provincia di Padova Settori Terziario e Turismo nato nel 1986 e riscostituito poi nel 2001, dando vita cos\u00ec alla pi\u00f9 importante aggregazione della Provincia di Padova che si occupa, in collaborazione con le Associazioni di Categoria e le Organizzazioni Sindacali, di fornire assistenza, tutela e servizi ad imprese e lavoratori del settore del turismo nell\u2019ambito delle politiche attive.<\/p>\n<p>[\/vc_column_text][\/vc_column_inner][\/vc_row_inner][vc_row_inner row_type=&#8221;row&#8221; content_width=&#8221;full-width&#8221; content_aligment=&#8221;left&#8221; css_animation=&#8221;&#8221; el_id=&#8221;i-nostri-servizi&#8221;][vc_column_inner][vc_empty_space height=&#8221;60&#8243;]<div class = \"eltd-ptf-list-wrapper eltd-ptf-gallery eltd-ptf-four-columns\" data-next-page= 2 data-type= gallery data-columns= four data-grid-size= three data-order-by= menu_order data-order= ASC data-number= -1 data-image-size= square data-filter= no data-filter-order-by= name data-category= terziario data-show-load-more= no data-title-tag= h6 data-hide-category= yes data-max-num-pages = 0><div class = \"eltd-ptf-list-holder clearfix\" ><article class=\"eltd-portfolio-item mix portfolio_category_227\" >\n\t<div class = \"eltd-item-image-holder\">\n\t\t<a href=\"https:\/\/www.entebilateralepadova.it\/turismo\/portfolio-item\/formazione\/\" class=\"eltd-portfolio-link\"><\/a>\n\t\t<div class=\"eltd-ptf-image-holder\">\n\t\t\t<img loading=\"lazy\" decoding=\"async\" width=\"550\" height=\"550\" src=\"https:\/\/www.entebilateralepadova.it\/turismo\/wp-content\/uploads\/2018\/01\/formazione-pulsante-550x550.jpg\" class=\"attachment-chandelier_elated_square size-chandelier_elated_square wp-post-image\" alt=\"\" srcset=\"https:\/\/www.entebilateralepadova.it\/turismo\/wp-content\/uploads\/2018\/01\/formazione-pulsante-550x550.jpg 550w, https:\/\/www.entebilateralepadova.it\/turismo\/wp-content\/uploads\/2018\/01\/formazione-pulsante-150x150.jpg 150w\" sizes=\"auto, (max-width: 550px) 100vw, 550px\" \/>\t\t<\/div>\t\n\t\t<div class=\"eltd-item-text-holder\">\n\t\t\t<h6 class=\"eltd-item-title\">\n\t\t\t\t<a href=\"https:\/\/www.entebilateralepadova.it\/turismo\/portfolio-item\/formazione\/\">\n\t\t\t\t\tFormazione\t\t\t\t<\/a>\t\n\t\t\t<\/h6>\t\n\t\t\t\t\t<\/div>\n\t<\/div>\n<\/article>\n<article class=\"eltd-portfolio-item mix portfolio_category_227\" >\n\t<div class = \"eltd-item-image-holder\">\n\t\t<a href=\"https:\/\/www.entebilateralepadova.it\/turismo\/portfolio-item\/servizi-ai-lavoratori\/\" class=\"eltd-portfolio-link\"><\/a>\n\t\t<div class=\"eltd-ptf-image-holder\">\n\t\t\t<img loading=\"lazy\" decoding=\"async\" width=\"550\" height=\"550\" src=\"https:\/\/www.entebilateralepadova.it\/turismo\/wp-content\/uploads\/2018\/01\/pulsante-lavor-550x550.jpg\" class=\"attachment-chandelier_elated_square size-chandelier_elated_square wp-post-image\" alt=\"\" srcset=\"https:\/\/www.entebilateralepadova.it\/turismo\/wp-content\/uploads\/2018\/01\/pulsante-lavor-550x550.jpg 550w, https:\/\/www.entebilateralepadova.it\/turismo\/wp-content\/uploads\/2018\/01\/pulsante-lavor-150x150.jpg 150w\" sizes=\"auto, (max-width: 550px) 100vw, 550px\" \/>\t\t<\/div>\t\n\t\t<div class=\"eltd-item-text-holder\">\n\t\t\t<h6 class=\"eltd-item-title\">\n\t\t\t\t<a href=\"https:\/\/www.entebilateralepadova.it\/turismo\/portfolio-item\/servizi-ai-lavoratori\/\">\n\t\t\t\t\tServizi ai lavoratori\t\t\t\t<\/a>\t\n\t\t\t<\/h6>\t\n\t\t\t\t\t<\/div>\n\t<\/div>\n<\/article>\n<article class=\"eltd-portfolio-item mix portfolio_category_227\" >\n\t<div class = \"eltd-item-image-holder\">\n\t\t<a href=\"https:\/\/www.entebilateralepadova.it\/turismo\/portfolio-item\/servizi-alle-aziende\/\" class=\"eltd-portfolio-link\"><\/a>\n\t\t<div class=\"eltd-ptf-image-holder\">\n\t\t\t<img loading=\"lazy\" decoding=\"async\" width=\"550\" height=\"550\" src=\"https:\/\/www.entebilateralepadova.it\/turismo\/wp-content\/uploads\/2018\/01\/servizi-aziende-puls-550x550.jpg\" class=\"attachment-chandelier_elated_square size-chandelier_elated_square wp-post-image\" alt=\"\" srcset=\"https:\/\/www.entebilateralepadova.it\/turismo\/wp-content\/uploads\/2018\/01\/servizi-aziende-puls-550x550.jpg 550w, https:\/\/www.entebilateralepadova.it\/turismo\/wp-content\/uploads\/2018\/01\/servizi-aziende-puls-150x150.jpg 150w\" sizes=\"auto, (max-width: 550px) 100vw, 550px\" \/>\t\t<\/div>\t\n\t\t<div class=\"eltd-item-text-holder\">\n\t\t\t<h6 class=\"eltd-item-title\">\n\t\t\t\t<a href=\"https:\/\/www.entebilateralepadova.it\/turismo\/portfolio-item\/servizi-alle-aziende\/\">\n\t\t\t\t\tServizi alle aziende\t\t\t\t<\/a>\t\n\t\t\t<\/h6>\t\n\t\t\t\t\t<\/div>\n\t<\/div>\n<\/article>\n<article class=\"eltd-portfolio-item mix portfolio_category_227\" >\n\t<div class = \"eltd-item-image-holder\">\n\t\t<a href=\"https:\/\/www.entebilateralepadova.it\/turismo\/portfolio-item\/mercato-del-lavoro\/\" class=\"eltd-portfolio-link\"><\/a>\n\t\t<div class=\"eltd-ptf-image-holder\">\n\t\t\t<img loading=\"lazy\" decoding=\"async\" width=\"550\" height=\"550\" src=\"https:\/\/www.entebilateralepadova.it\/turismo\/wp-content\/uploads\/2018\/01\/mercato-lavoro2-pulsante-550x550.jpg\" class=\"attachment-chandelier_elated_square size-chandelier_elated_square wp-post-image\" alt=\"\" srcset=\"https:\/\/www.entebilateralepadova.it\/turismo\/wp-content\/uploads\/2018\/01\/mercato-lavoro2-pulsante-550x550.jpg 550w, https:\/\/www.entebilateralepadova.it\/turismo\/wp-content\/uploads\/2018\/01\/mercato-lavoro2-pulsante-150x150.jpg 150w\" sizes=\"auto, (max-width: 550px) 100vw, 550px\" \/>\t\t<\/div>\t\n\t\t<div class=\"eltd-item-text-holder\">\n\t\t\t<h6 class=\"eltd-item-title\">\n\t\t\t\t<a href=\"https:\/\/www.entebilateralepadova.it\/turismo\/portfolio-item\/mercato-del-lavoro\/\">\n\t\t\t\t\tMercato del lavoro\t\t\t\t<\/a>\t\n\t\t\t<\/h6>\t\n\t\t\t\t\t<\/div>\n\t<\/div>\n<\/article>\n<\/div><\/div>[\/vc_column_inner][\/vc_row_inner][\/vc_column][\/vc_row][vc_row row_type=&#8221;row&#8221; content_width=&#8221;grid&#8221; anchor=&#8221;&#8221; content_aligment=&#8221;left&#8221; css_animation=&#8221;&#8221; css=&#8221;.vc_custom_1515596073349{background: #f9f9f9 url(https:\/\/www.entebilateralepadova.it\/turismo\/wp-content\/uploads\/2015\/11\/contatti-sfondo-1-1.png?id=5107) !important;background-position: 0 0 !important;background-repeat: repeat !important;}&#8221; el_id=&#8221;blog-news&#8221;][vc_column][vc_empty_space height=&#8221;50px&#8221;]<div class=\"eltd-section-title-outer-holder animate\" style=\"text-align: center\">\n\t<div class=\"eltd-section-title-subtitle-holder\">\n\t\t<h3 class=\"eltd-section-subtitle\" style=\";color: #004a8b\">News e Corsi<\/h3>\n\t<\/div>\n\t<div class=\"eltd-section-title-holder\">\n\t\t<h2 class=\"eltd-section-title\" style=\";\">in primo piano<\/h2>\n\t<\/div>\n<\/div>[vc_empty_space height=&#8221;35px&#8221;]<div class=\"eltd-blog-list-holder eltd-masonry \">\n\t<ul class=\"eltd-blog-list\">\n\t\t\t<li class=\"eltd-blog-list-masonry-grid-sizer\"><\/li>\n\t\t<li class=\"eltd-blog-list-masonry-grid-gutter\"><\/li>\n\t<li class=\"eltd-blog-list-item eltd-blog-list-masonry-item\">\n\t<div class=\"eltd-blog-list-item-inner\">\n\t\t<div class=\"eltd-item-image clearfix\">\n\t\t\t<a href=\"https:\/\/www.entebilateralepadova.it\/turismo\/buona-pasqua-3\/\">\n\t\t\t\t<img loading=\"lazy\" decoding=\"async\" width=\"940\" height=\"788\" src=\"https:\/\/www.entebilateralepadova.it\/turismo\/wp-content\/uploads\/2026\/04\/Auguri-Buona-Pasqua-2026.jpg\" class=\"attachment-full size-full wp-post-image\" alt=\"\" srcset=\"https:\/\/www.entebilateralepadova.it\/turismo\/wp-content\/uploads\/2026\/04\/Auguri-Buona-Pasqua-2026.jpg 940w, https:\/\/www.entebilateralepadova.it\/turismo\/wp-content\/uploads\/2026\/04\/Auguri-Buona-Pasqua-2026-300x251.jpg 300w, https:\/\/www.entebilateralepadova.it\/turismo\/wp-content\/uploads\/2026\/04\/Auguri-Buona-Pasqua-2026-768x644.jpg 768w\" sizes=\"auto, (max-width: 940px) 100vw, 940px\" \/>\t\t\t\t\n\t\t\t<\/a>\n\t\t<\/div>\t\n\t\t<div class=\"eltd-item-text-holder\">\n\t\t\t<h6 class=\"eltd-item-title \">\n\t\t\t\t<a href=\"https:\/\/www.entebilateralepadova.it\/turismo\/buona-pasqua-3\/\" >\n\t\t\t\t\tBUONA PASQUA\t\t\t\t<\/a>\n\t\t\t<\/h6>\n\t\t\t\t\t\t\t<p class=\"eltd-excerpt\">...<\/p>\n\t\t\t\t\t<\/div>\n\t\t<div class=\"eltd-item-info-section\">\n\t\t\t<div class=\"eltd-post-info-date\">\n\t\t<span class=\"eltd-post-date-month\">\n\t\tApr\t<\/span>\n\t<span class=\"eltd-post-date-day-year\">\n\t\t<span class=\"eltd-post-date-day\">\n\t\t\t03\t\t<\/span>\n\t\t<span class=\"eltd-post-date-year\">\n\t\t\t2026\t\t<\/span>\n\t<\/span>\n\t<\/div><div class=\"eltd-post-info-author\"><a class=\"eltd-post-info-author-link\" href=\"https:\/\/www.entebilateralepadova.it\/turismo\/author\/entebilaterale\/\">entebilaterale<\/a><\/div>\n<div class=\"eltd-post-info-category\"><a href=\"https:\/\/www.entebilateralepadova.it\/turismo\/category\/news\/\" rel=\"category tag\">News e Corsi<\/a><\/div>\t\t<\/div>\n\t<\/div>\t\n<\/li><li class=\"eltd-blog-list-item eltd-blog-list-masonry-item\">\n\t<div class=\"eltd-blog-list-item-inner\">\n\t\t<div class=\"eltd-item-image clearfix\">\n\t\t\t<a href=\"https:\/\/www.entebilateralepadova.it\/turismo\/corsi-gratuiti-tedesco-base\/\">\n\t\t\t\t<img loading=\"lazy\" decoding=\"async\" width=\"1280\" height=\"850\" src=\"https:\/\/www.entebilateralepadova.it\/turismo\/wp-content\/uploads\/2026\/02\/image.png\" class=\"attachment-full size-full wp-post-image\" alt=\"\" srcset=\"https:\/\/www.entebilateralepadova.it\/turismo\/wp-content\/uploads\/2026\/02\/image.png 1280w, https:\/\/www.entebilateralepadova.it\/turismo\/wp-content\/uploads\/2026\/02\/image-300x199.png 300w, https:\/\/www.entebilateralepadova.it\/turismo\/wp-content\/uploads\/2026\/02\/image-1024x680.png 1024w, https:\/\/www.entebilateralepadova.it\/turismo\/wp-content\/uploads\/2026\/02\/image-768x510.png 768w\" sizes=\"auto, (max-width: 1280px) 100vw, 1280px\" \/>\t\t\t\t\n\t\t\t<\/a>\n\t\t<\/div>\t\n\t\t<div class=\"eltd-item-text-holder\">\n\t\t\t<h6 class=\"eltd-item-title \">\n\t\t\t\t<a href=\"https:\/\/www.entebilateralepadova.it\/turismo\/corsi-gratuiti-tedesco-base\/\" >\n\t\t\t\t\tCORSI GRATUITI TEDESCO BASE\t\t\t\t<\/a>\n\t\t\t<\/h6>\n\t\t\t\t\t\t\t<p class=\"eltd-excerpt\">In partenza nel mese di\u00a0Marzo 2026\u00a0due corsi gratuiti di lingua TEDESCO BASE con orario 15.00-17.30 oppure 19.30-21.30. Le attivit\u00e0 hanno una durata pari a 30 ore ciascuna. Info e iscrizioni: servi...<\/p>\n\t\t\t\t\t<\/div>\n\t\t<div class=\"eltd-item-info-section\">\n\t\t\t<div class=\"eltd-post-info-date\">\n\t\t<span class=\"eltd-post-date-month\">\n\t\tFeb\t<\/span>\n\t<span class=\"eltd-post-date-day-year\">\n\t\t<span class=\"eltd-post-date-day\">\n\t\t\t09\t\t<\/span>\n\t\t<span class=\"eltd-post-date-year\">\n\t\t\t2026\t\t<\/span>\n\t<\/span>\n\t<\/div><div class=\"eltd-post-info-author\"><a class=\"eltd-post-info-author-link\" href=\"https:\/\/www.entebilateralepadova.it\/turismo\/author\/entebilaterale\/\">entebilaterale<\/a><\/div>\n<div class=\"eltd-post-info-category\"><a href=\"https:\/\/www.entebilateralepadova.it\/turismo\/category\/news\/\" rel=\"category tag\">News e Corsi<\/a><\/div>\t\t<\/div>\n\t<\/div>\t\n<\/li><li class=\"eltd-blog-list-item eltd-blog-list-masonry-item\">\n\t<div class=\"eltd-blog-list-item-inner\">\n\t\t<div class=\"eltd-item-image clearfix\">\n\t\t\t<a href=\"https:\/\/www.entebilateralepadova.it\/turismo\/attenzione-nuova-area-riservata-per-linvio-delle-richieste-di-contribut\/\">\n\t\t\t\t<img loading=\"lazy\" decoding=\"async\" width=\"940\" height=\"587\" src=\"https:\/\/www.entebilateralepadova.it\/turismo\/wp-content\/uploads\/2023\/06\/ente-testata-turismo-1.jpg\" class=\"attachment-full size-full wp-post-image\" alt=\"\" srcset=\"https:\/\/www.entebilateralepadova.it\/turismo\/wp-content\/uploads\/2023\/06\/ente-testata-turismo-1.jpg 940w, https:\/\/www.entebilateralepadova.it\/turismo\/wp-content\/uploads\/2023\/06\/ente-testata-turismo-1-300x187.jpg 300w, https:\/\/www.entebilateralepadova.it\/turismo\/wp-content\/uploads\/2023\/06\/ente-testata-turismo-1-768x480.jpg 768w\" sizes=\"auto, (max-width: 940px) 100vw, 940px\" \/>\t\t\t\t\n\t\t\t<\/a>\n\t\t<\/div>\t\n\t\t<div class=\"eltd-item-text-holder\">\n\t\t\t<h6 class=\"eltd-item-title \">\n\t\t\t\t<a href=\"https:\/\/www.entebilateralepadova.it\/turismo\/attenzione-nuova-area-riservata-per-linvio-delle-richieste-di-contribut\/\" >\n\t\t\t\t\tATTENZIONE! NUOVA AREA RISERVATA PER L&#8217;INVIO DELLE RICHIESTE DI CONTRIBUTO\t\t\t\t<\/a>\n\t\t\t<\/h6>\n\t\t\t\t\t\t\t<p class=\"eltd-excerpt\">A partire dal 07 gennaio 2026, tutte le domande di contributo dovranno essere presentate in via telematica, entro i termini stabiliti per ciascuna prestazione, UTILIZZANDO ESCLUSIVAMENTE l\u2019AREA RISE...<\/p>\n\t\t\t\t\t<\/div>\n\t\t<div class=\"eltd-item-info-section\">\n\t\t\t<div class=\"eltd-post-info-date\">\n\t\t<span class=\"eltd-post-date-month\">\n\t\tDic\t<\/span>\n\t<span class=\"eltd-post-date-day-year\">\n\t\t<span class=\"eltd-post-date-day\">\n\t\t\t30\t\t<\/span>\n\t\t<span class=\"eltd-post-date-year\">\n\t\t\t2025\t\t<\/span>\n\t<\/span>\n\t<\/div><div class=\"eltd-post-info-author\"><a class=\"eltd-post-info-author-link\" href=\"https:\/\/www.entebilateralepadova.it\/turismo\/author\/entebilaterale\/\">entebilaterale<\/a><\/div>\n<div class=\"eltd-post-info-category\"><a href=\"https:\/\/www.entebilateralepadova.it\/turismo\/category\/news\/\" rel=\"category tag\">News e Corsi<\/a><\/div>\t\t<\/div>\n\t<\/div>\t\n<\/li>\t<\/ul>\t\n<\/div>\n[vc_empty_space height=&#8221;20px&#8221;][\/vc_column][\/vc_row][vc_row row_type=&#8221;row&#8221; content_width=&#8221;grid&#8221; anchor=&#8221;&#8221; content_aligment=&#8221;center&#8221; css_animation=&#8221;&#8221; el_id=&#8221;consulenze-su-misura&#8221; css=&#8221;.vc_custom_1515588603023{background-image: url(https:\/\/www.entebilateralepadova.it\/turismo\/wp-content\/uploads\/2015\/11\/sfondo4.jpg?id=5094) !important;background-position: center !important;background-repeat: no-repeat !important;background-size: cover !important;}&#8221;][vc_column offset=&#8221;vc_col-lg-offset-1 vc_col-lg-10&#8243;][vc_empty_space height=&#8221;45&#8243;]<div class=\"eltd-section-title-outer-holder animate\" style=\"text-align: center\">\n\t<div class=\"eltd-section-title-subtitle-holder\">\n\t\t<h3 class=\"eltd-section-subtitle\" style=\"font-size: 25px;color: #ffffff\">L\u2019apprendimento \u00e8 la fonte della giovent\u00f9. Non importa che et\u00e0 abbiamo, non dobbiamo mai smettere di crescere.<\/h3>\n\t<\/div>\n\t<div class=\"eltd-section-title-holder\">\n\t\t<h2 class=\"eltd-section-title\" style=\"font-size: 18px;color: #ffffff\">Deng Ming-Dao<\/h2>\n\t<\/div>\n<\/div>[vc_empty_space height=&#8221;45&#8243;][\/vc_column][\/vc_row]<\/p>\n","protected":false},"excerpt":{"rendered":"<p>[vc_row row_type=&#8221;row&#8221; content_width=&#8221;full-width&#8221; anchor=&#8221;&#8221; content_aligment=&#8221;left&#8221; css_animation=&#8221;&#8221; css=&#8221;.vc_custom_1753694600892{margin-top: 0px !important;border-top-width: 0px !important;padding-top: 0px !important;}&#8221; el_class=&#8221;d-none&#8221;][vc_column][\/vc_column][\/vc_row][vc_row row_type=&#8221;row&#8221; content_width=&#8221;full-width&#8221; anchor=&#8221;&#8221; content_aligment=&#8221;left&#8221; css_animation=&#8221;&#8221; el_id=&#8221;servizi1&#8243;][vc_column][vc_empty_space height=&#8221;40&#8243;][vc_empty_space height=&#8221;15&#8243;][vc_row_inner row_type=&#8221;row&#8221; content_width=&#8221;grid&#8221; content_aligment=&#8221;left&#8221; css_animation=&#8221;&#8221;][vc_column_inner][vc_column_text] L\u2019Ente Bilaterale Turismo Padova Terme Euganee nasce il 31 gennaio 2018 dalla fusione tra l\u2019OBTA Organismo Bilaterale Termo Alberghiero&#8230;<\/p>\n","protected":false},"author":1,"featured_media":0,"parent":0,"menu_order":0,"comment_status":"closed","ping_status":"closed","template":"full-width.php","meta":{"_acf_changed":false,"footnotes":""},"class_list":["post-1477","page","type-page","status-publish","hentry"],"acf":[],"_links":{"self":[{"href":"https:\/\/www.entebilateralepadova.it\/turismo\/wp-json\/wp\/v2\/pages\/1477","targetHints":{"allow":["GET"]}}],"collection":[{"href":"https:\/\/www.entebilateralepadova.it\/turismo\/wp-json\/wp\/v2\/pages"}],"about":[{"href":"https:\/\/www.entebilateralepadova.it\/turismo\/wp-json\/wp\/v2\/types\/page"}],"author":[{"embeddable":true,"href":"https:\/\/www.entebilateralepadova.it\/turismo\/wp-json\/wp\/v2\/users\/1"}],"replies":[{"embeddable":true,"href":"https:\/\/www.entebilateralepadova.it\/turismo\/wp-json\/wp\/v2\/comments?post=1477"}],"version-history":[{"count":95,"href":"https:\/\/www.entebilateralepadova.it\/turismo\/wp-json\/wp\/v2\/pages\/1477\/revisions"}],"predecessor-version":[{"id":12853,"href":"https:\/\/www.entebilateralepadova.it\/turismo\/wp-json\/wp\/v2\/pages\/1477\/revisions\/12853"}],"wp:attachment":[{"href":"https:\/\/www.entebilateralepadova.it\/turismo\/wp-json\/wp\/v2\/media?parent=1477"}],"curies":[{"name":"wp","href":"https:\/\/api.w.org\/{rel}","templated":true}]}}