{"id":5472,"date":"2018-01-30T09:46:50","date_gmt":"2018-01-30T09:46:50","guid":{"rendered":"http:\/\/www.sipeopleftp.it\/777\/?page_id=5472"},"modified":"2026-01-23T10:37:54","modified_gmt":"2026-01-23T09:37:54","slug":"sussidi-ai-lavoratori","status":"publish","type":"page","link":"https:\/\/www.entebilateralepadova.it\/turismo\/sussidi-ai-lavoratori\/","title":{"rendered":"Sussidi ai lavoratori"},"content":{"rendered":"<p>[vc_row row_type=&#8221;row&#8221; content_width=&#8221;grid&#8221; anchor=&#8221;&#8221; content_aligment=&#8221;left&#8221; css_animation=&#8221;&#8221;][vc_column width=&#8221;1\/2&#8243;][vc_empty_space]<div class=\"eltd-section-title-outer-holder animate\" style=\"text-align: left\">\n\t<div class=\"eltd-section-title-subtitle-holder\">\n\t\t<h3 class=\"eltd-section-subtitle\" style=\"font-size: 19px;\">Sussidi ai lavoratori<\/h3>\n\t<\/div>\n\t<div class=\"eltd-section-title-holder\">\n\t\t<h2 class=\"eltd-section-title\" style=\";\"><\/h2>\n\t<\/div>\n<\/div>[vc_empty_space height=&#8221;15px&#8221;][vc_column_text]<\/p>\n<p style=\"text-align: justify;\">L\u2019Ente Bilaterale ha attivato degli interventi a favore dei dipendenti di aziende del settore turismo qualora risultino aderenti all\u2019Ente Bilaterale da almeno 6 mesi negli ultimi 12 e qualora le aziende siano in regola con il versamento delle quote previste dal CCNL e dagli Accordi sindacali provinciali.<\/p>\n<p style=\"text-align: justify;\"><a href=\"https:\/\/www.entebilateralepadova.it\/turismo\/wp-content\/uploads\/2025\/09\/REGOLAMENTO-SUSSIDI-2025-v.3.pdf\">REGOLAMENTO SUSSIDI <\/a><\/p>\n<p style=\"text-align: justify;\">Le domande devono essere presentate all\u2019Ente Bilaterale compilate su modulo apposito con tutta la documentazione allegata richiesta.<\/p>\n<p style=\"text-align: justify;\">I sussidi sono cumulabili, ovvero il lavoratore pu\u00f2 fare richiesta di pi\u00f9 sussidi di tipologia diversa nel corso dello stesso anno, ma si dispone un<strong> TETTO MASSIMO PER NUCLEO FAMIGLIARE DI EURO 1.300,00 LORDI ALL\u2019ANNO<\/strong> (PER L&#8217;ANNO 2025); un lavoratore pu\u00f2 quindi chiedere i diversi tipi di sussidi ricevendo un importo massimo di euro 1.300,00 lordi nell\u2019anno di riferimento delle richieste.<br \/>\nQualora ci siano <strong>pi\u00f9 persone del settore turismo del medesimo nucleo famigliare che versano i contributi all\u2019Ente<\/strong>, il massimale richiedibile per i sussidi viene elevato da euro 1.300,00 a <strong>euro 2.000,00 lordi<\/strong>, fermo restando che il medesimo sussidio non pu\u00f2 essere richiesto da pi\u00f9 di un componente dello stesso nucleo familiare (es. il BONUS BOLLETTE \u00e8 richiedibile solo da uno dei componenti dello stesso nucleo familiare).<\/p>\n<p style=\"text-align: justify;\">Si precisa che per nucleo famigliare si intende la famiglia anagrafica composta dai genitori e figli (totalmente a carico).<\/p>\n<p><strong>Le domande dovranno pervenire entro il termine stabilito ovvero entro 90 giorni dall\u2019ultima fattura ricevuta per contributo D\/3, D\/9, D\/10, D\/11, D\/12, D\/16, D17, D\/20, D\/23; entro 90 giorni dalla data di licenziamento per D\/5; entro 90 giorni dalla data di fine evento per la malattia (contributo D\/1); entro 90 giorni dalla data di nascita per D\/2; entro il 30 novembre di ogni anno per D\/4, D\/7, D\/13, D\/19; entro 90 giorni dall\u2019ultimo pagamento effettuato per il D\/18; entro 90 giorni dalla fine del periodo di astensione per D\/21 e D\/22.<\/strong><\/p>\n<p><img loading=\"lazy\" decoding=\"async\" class=\"\" src=\"https:\/\/www.entebilateralepadova.it\/turismo\/wp-content\/uploads\/2023\/05\/NEW333_page-0001-1.jpg\" width=\"81\" height=\"76\" \/><\/p>\n<p><strong>DAL 1\u00b0 LUGLIO 2024 IL CONSIGLIO DIRETTIVO DELL&#8217;ENTE HA ABOLITO I LIMITI DI REDDITO PER L&#8217;ACCESSO AI SUSSIDI IN CUI ERA PREVISTO.<\/strong><\/p>\n<hr \/>\n<p style=\"text-align: justify;\">SI RICORDA CHE I SERVIZI SARANNO EROGATI ESCLUSIVAMENTE AI DIPENDENTI E ALLE AZIENDE ADERENTI CHE EFFETTUANO I VERSAMENTI COME INDICATO DAL REGOLAMENTO (VEDERE NEL SITO LA SEZIONE CONTRIBUZIONE).<\/p>\n<p style=\"text-align: justify;\"><strong>SI RICORDA CHE LE DOMANDE VANNO SPEDITE ESCLUSIVAMENTE TRAMITE L&#8217;APPOSITA AREA RISERVATA.<br \/>\n<\/strong><\/p>\n<p style=\"text-align: justify;\">ATTENZIONE!!!! VISTI I CASI DI PROBLEMI DI INVIO DEI BONIFICI VI PREGHIAMO PER EVITARE SPIACEVOLI INCONVENIENTI DI INDICARE IL VOSTRO CODICE IBAN ESATTO (27 CARATTERI) E DI VERIFICARE LA CORRISPONDENZA TRA INTESTATARIO E IBAN.<\/p>\n<p style=\"text-align: justify;\">Le domande incomplete e non rispondenti al regolamento o che pervenissero fuori del termine stabilito non saranno prese in considerazione.<\/p>\n<p style=\"text-align: justify;\"><strong>SI RICORDA CHE PER I SUSSIDI TASSATI SECONDO LA NORMATIVA VIGENTE, OVVERO D\/5, D\/8, D\/13, D\/18, D\/19 VERRA&#8217; INVIATO, ENTRO MARZO DELL&#8217;ANNO SEGUENTE ALL&#8217;EROGAZIONE, LA RELATIVA CERTIFICAZIONE FISCALE OVVERO IL MODELLO CUD, CHE DOVRA&#8217; ESSERE PRESO IN CONSIDERAZIONE AI FINI DELLA PRESENTAZIONE DEL MODELLO 730.<\/strong><\/p>\n<p>[\/vc_column_text][\/vc_column][vc_column width=&#8221;1\/2&#8243;][vc_empty_space]<div class=\"eltd-section-title-outer-holder animate\" style=\"text-align: left\">\n\t<div class=\"eltd-section-title-subtitle-holder\">\n\t\t<h3 class=\"eltd-section-subtitle\" style=\"font-size: 19px;\">Modalit\u00e0 di erogazione<\/h3>\n\t<\/div>\n\t<div class=\"eltd-section-title-holder\">\n\t\t<h2 class=\"eltd-section-title\" style=\";\"><\/h2>\n\t<\/div>\n<\/div>[vc_empty_space height=&#8221;15px&#8221;][vc_column_text]<\/p>\n<p style=\"text-align: justify;\">I sussidi saranno approvati mensilmente, se completi di tutta la documentazione richiesta, con l\u2019autorizzazione di un membro del Consiglio Direttivo.<\/p>\n<p style=\"text-align: justify;\">I sussidi saranno inoltre erogati solo esclusivamente tramite bonifico bancario sul codice iban indicato dal richiedente sul modulo di richiesta.<\/p>\n<p style=\"text-align: justify;\"><strong>SI RICORDA CHE I SUSSIDI VERRANNO EROGATI IN BASE ALLE DISPONIBILITA&#8217; ECONOMICHE DELL&#8217;ENTE e pertanto L\u2019Ente, a suo insindacabile giudizio, in relazione ai capitoli di spesa che saranno periodicamente valutati compatibilmente con le disponibilit\u00e0 economiche, si riserva di poter modificare o annullare l&#8217;erogazione di tutti o di parte dei sussidi offerti alle aziende e ai lavoratori.<\/strong><\/p>\n<p style=\"text-align: justify;\"><strong>L\u2019Ente si riserva inoltre di valutare le domande pervenute entro i termini previsti secondo il criterio di precedenza e il criterio di turnazione in base alle risorse disponibili.<\/strong><\/p>\n\n<span class=\"eltd-highlight\" style=\"background-color: YELLOW\">\n\tATTENZIONE! A partire dal 07 gennaio 2026, tutte le domande di contributo dovranno essere presentate in via telematica, entro i termini stabiliti per ciascuna prestazione, UTILIZZANDO ESCLUSIVAMENTE l\u2019AREA RISERVATA che sar\u00e0 accessibile dal sito dell\u2019ente a partire dal 07 gennaio 2026.<\/span>\n\n<span class=\"eltd-highlight\" style=\"background-color: YELLOW\">\n\tPertanto dal 31\/12\/2025 non saranno pi\u00f9 accettate richieste di contributo presentate tramite email o tramite posta o portate a mano negli uffici dell\u2019ente.<\/span>\n<p>&nbsp;<\/p>\n<p>Per accedere all&#8217;AREA RISERVATA clicca sul link <a href=\"https:\/\/turismo.ar.entebilateralepadova.it\/\/ar_login.jsp\" target=\"_blank\" rel=\"noopener\"><em>turismo.ar.entebilateralepadova.it\u00a0<\/em><\/a><\/p>\n<p>&nbsp;<\/p>\n<p style=\"text-align: justify;\"><strong><span style=\"color: #000080;\">ELENCO SUSSIDI DIPENDENTI<\/span><\/strong><\/p>\n<p style=\"text-align: justify;\"><a href=\"https:\/\/www.entebilateralepadova.it\/turismo\/?page_id=5755\">D\/1 Contributo indennit\u00e0 di malattia<\/a><\/p>\n<p style=\"text-align: justify;\"><a href=\"https:\/\/www.entebilateralepadova.it\/turismo\/?page_id=5546\">D\/2 Premio di natalit\u00e0<\/a><\/p>\n<p style=\"text-align: justify;\"><a href=\"https:\/\/www.entebilateralepadova.it\/turismo\/?page_id=5575\">D\/3 Protesi varie<\/a><\/p>\n<p style=\"text-align: justify;\"><a href=\"https:\/\/www.entebilateralepadova.it\/turismo\/?page_id=5548\">D\/4 Contributo spese figli disabili<\/a><\/p>\n<p style=\"text-align: justify;\"><a href=\"https:\/\/www.entebilateralepadova.it\/turismo\/?page_id=5556\">D\/5 Sostegno lavoratori licenziati<\/a><\/p>\n<p style=\"text-align: justify;\"><a href=\"https:\/\/www.entebilateralepadova.it\/turismo\/?page_id=5558\">D\/7 Contributo spese asilo nido e scuola materna<\/a><\/p>\n<p style=\"text-align: justify;\"><a href=\"https:\/\/www.entebilateralepadova.it\/turismo\/?page_id=5561\">D\/8 Contributo spese acquisti libri scolastici<\/a><\/p>\n<p style=\"text-align: justify;\"><a href=\"https:\/\/www.entebilateralepadova.it\/turismo\/?page_id=5563\">D\/9 Contributo acquisto apparecchio ortodontico<\/a><\/p>\n<p style=\"text-align: justify;\"><a href=\"https:\/\/www.entebilateralepadova.it\/turismo\/?page_id=5565\">D\/10 Bonus cultura<\/a><\/p>\n<p style=\"text-align: justify;\"><a href=\"https:\/\/www.entebilateralepadova.it\/turismo\/?page_id=5567\">D\/11 Bonus sport e benessere<\/a><\/p>\n<p><a href=\"https:\/\/www.entebilateralepadova.it\/turismo\/d-12-bonus-conciliazione-vita-lavoro\/\">D\/12 Bonus conciliazione vita &#8211; lavoro<\/a><\/p>\n<p><a href=\"https:\/\/www.entebilateralepadova.it\/turismo\/d-13-bonus-tasse-universitarie-dei-figli\/\">D\/13 Bonus tasse universitarie dei figli<\/a><\/p>\n<p><a href=\"https:\/\/www.entebilateralepadova.it\/turismo\/d-16-bonus-bollette-energia-elettrica-e-gas\/\">D\/16 BONUS BOLLETTE ENERGIA ELETTRICA E GAS<\/a><\/p>\n<p><a href=\"https:\/\/www.entebilateralepadova.it\/turismo\/d-17-contributo-spese-digitalizzazione-lavoratori-e-famiglie\/\">D\/17 CONTRIBUTO SPESE DIGITALIZZAZIONE LAVORATORI E FAMIGLIE<\/a><\/p>\n<p><a href=\"https:\/\/www.entebilateralepadova.it\/turismo\/d-18-contributo-mense-scolastiche-dei-figli\/\">D\/18 CONTRIBUTO MENSE SCOLASTICHE DEI FIGLI<\/a><\/p>\n<p><a href=\"https:\/\/www.entebilateralepadova.it\/turismo\/d-19-sostegno-aspettativa-per-malattia-oncologica-o-gravemente-degenerativa\/\">D\/19 SOSTEGNO ASPETTATIVA PER MALATTIA ONCOLOGICA O GRAVEMENTE DEGENERATIVA<\/a><\/p>\n<p><a href=\"https:\/\/www.entebilateralepadova.it\/turismo\/d-20-contributo-una-tantum-per-weekend-presso-strutture-ricettive-e-pubblici-esercizi-di-padova-e-provincia\/\">D\/20 CONTRIBUTO UNA TANTUM PER WEEKEND PRESSO STRUTTURE RICETTIVE E PUBBLICI ESERCIZI DI PADOVA E PROVINCIA (esclusivamente aderenti all&#8217;Ente Bilaterale Turismo Padova Terme Euganee)<\/a><\/p>\n<p><a href=\"https:\/\/www.entebilateralepadova.it\/turismo\/d-21-bonus-maternita-oltre-periodo-facoltativo\/\">D\/21 BONUS MATERNITA\u2019\/PATERNITA\u2019 OLTRE PERIODO FACOLTATIVO<\/a><\/p>\n<p><a href=\"https:\/\/www.entebilateralepadova.it\/turismo\/d-22-bonus-maternita-paternita-facoltativa-2\/\">D\/22 BONUS MATERNITA&#8217;\/PATERNITA&#8217; FACOLTATIVA<\/a><\/p>\n<p><a href=\"https:\/\/www.entebilateralepadova.it\/turismo\/d-23-contributo-assistenza-parenti-anziani-o-disabili\/\">D\/23 CONTRIBUTO ASSISTENZA PARENTI ANZIANI O DISABILI<\/a><\/p>\n<p>&nbsp;<\/p>\n<ul>\n<li><a href=\"https:\/\/www.entebilateralepadova.it\/turismo\/wp-content\/uploads\/2026\/01\/Autocertificazione-stato-famiglia.pdf\">Modulo Autocertificazione stato famiglia<\/a><\/li>\n<\/ul>\n<p><a href=\"https:\/\/www.entebilateralepadova.it\/turismo\/wp-content\/uploads\/2024\/12\/REGOLAMENTO-CON-NUOVI-SUSSIDI-2024-1.pdf\">REGOLAMENTO SUSSIDI\u00a0<\/a>[\/vc_column_text][\/vc_column][\/vc_row][vc_row row_type=&#8221;row&#8221; content_width=&#8221;full-width&#8221; anchor=&#8221;&#8221; content_aligment=&#8221;left&#8221; css_animation=&#8221;&#8221; css=&#8221;.vc_custom_1515600245671{margin-top: 0px !important;border-top-width: 0px !important;padding-top: 0px !important;}&#8221;][vc_column][vc_empty_space height=&#8221;60px&#8221;]\n\n\t<div class=\"eltd-call-to-action normal\" style=\"padding: 10px 0px 0px 0px;;background-color: #ec582f;\">\n\n\t\t\t\t<div class=\"eltd-container-inner\">\n\t\t\t\t\t<div class=\"eltd-call-to-action-row-75-25 clearfix\">\n\t\t\n\t\t\t\t<div class=\"eltd-text-wrapper eltd-call-to-action-column1 eltd-call-to-action-cell\">\n\n\t\t\t\t\n\t\t\t\t\t<div class=\"eltd-call-to-action-text\" >\n\t\t\t\t\t\t<\/p>\n<h6 style=\"color: #fff !important;\">Per maggiori informazioni Vi preghiamo di contattare la Segreteria al n. <a href=\"tel:+390498209821\">049\/8209821<\/a> &#8211; <a href=\"tel:+390498209790\">049\/8209790<\/a><\/h6>\n<p>\t\t\t\t\t<\/div>\n\n\t\t\t\t<\/div>\n\n\t\t\t\t\n\t\t\t\t\t<div class=\"eltd-button-wrapper eltd-call-to-action-column2 eltd-call-to-action-cell\" style =\"text-align: right ;\">\n\n\t\t\t\t\t\t<a href=\"https:\/\/www.entebilateralepadova.it\/turismo\/?page_id=2746\" target=\"_self\" style=\"background-color: #ec582f\" class=\"eltd-btn eltd-btn-medium eltd-btn-solid\"  >    <span class=\"eltd-btn-text\">CONTATTACI<\/span>    <\/a>\n\t\t\t\t\t<\/div>\n\n\t\t\t\t\n\t\t\t<\/div>\n\n\t\t\t\t<\/div>\n\t\t\n\t<\/div>\n\n[\/vc_column][\/vc_row]<\/p>\n","protected":false},"excerpt":{"rendered":"<p>[vc_row row_type=&#8221;row&#8221; content_width=&#8221;grid&#8221; anchor=&#8221;&#8221; content_aligment=&#8221;left&#8221; css_animation=&#8221;&#8221;][vc_column width=&#8221;1\/2&#8243;][vc_empty_space][vc_empty_space height=&#8221;15px&#8221;][vc_column_text] L\u2019Ente Bilaterale ha attivato degli interventi a favore dei dipendenti di aziende del settore turismo qualora risultino aderenti all\u2019Ente Bilaterale da almeno 6 mesi negli ultimi 12 e qualora le aziende siano in regola con il versamento&#8230;<\/p>\n","protected":false},"author":1,"featured_media":0,"parent":0,"menu_order":0,"comment_status":"closed","ping_status":"closed","template":"full-width.php","meta":{"_acf_changed":false,"footnotes":""},"class_list":["post-5472","page","type-page","status-publish","hentry"],"acf":[],"_links":{"self":[{"href":"https:\/\/www.entebilateralepadova.it\/turismo\/wp-json\/wp\/v2\/pages\/5472","targetHints":{"allow":["GET"]}}],"collection":[{"href":"https:\/\/www.entebilateralepadova.it\/turismo\/wp-json\/wp\/v2\/pages"}],"about":[{"href":"https:\/\/www.entebilateralepadova.it\/turismo\/wp-json\/wp\/v2\/types\/page"}],"author":[{"embeddable":true,"href":"https:\/\/www.entebilateralepadova.it\/turismo\/wp-json\/wp\/v2\/users\/1"}],"replies":[{"embeddable":true,"href":"https:\/\/www.entebilateralepadova.it\/turismo\/wp-json\/wp\/v2\/comments?post=5472"}],"version-history":[{"count":81,"href":"https:\/\/www.entebilateralepadova.it\/turismo\/wp-json\/wp\/v2\/pages\/5472\/revisions"}],"predecessor-version":[{"id":14803,"href":"https:\/\/www.entebilateralepadova.it\/turismo\/wp-json\/wp\/v2\/pages\/5472\/revisions\/14803"}],"wp:attachment":[{"href":"https:\/\/www.entebilateralepadova.it\/turismo\/wp-json\/wp\/v2\/media?parent=5472"}],"curies":[{"name":"wp","href":"https:\/\/api.w.org\/{rel}","templated":true}]}}