{"id":5543,"date":"2018-01-30T16:58:14","date_gmt":"2018-01-30T16:58:14","guid":{"rendered":"http:\/\/www.sipeopleftp.it\/777\/?page_id=5543"},"modified":"2024-06-27T15:53:00","modified_gmt":"2024-06-27T13:53:00","slug":"for-te","status":"publish","type":"page","link":"https:\/\/www.entebilateralepadova.it\/turismo\/for-te\/","title":{"rendered":"For.Te"},"content":{"rendered":"<p>[vc_row row_type=&#8221;row&#8221; content_width=&#8221;grid&#8221; anchor=&#8221;&#8221; content_aligment=&#8221;left&#8221; css_animation=&#8221;&#8221;][vc_column][vc_empty_space]<div class=\"eltd-section-title-outer-holder animate\" style=\"text-align: center\">\n\t<div class=\"eltd-section-title-subtitle-holder\">\n\t\t<h3 class=\"eltd-section-subtitle\" style=\"font-size: 19px;\">FOR.TE<\/h3>\n\t<\/div>\n\t<div class=\"eltd-section-title-holder\">\n\t\t<h2 class=\"eltd-section-title\" style=\";\"><\/h2>\n\t<\/div>\n<\/div>[vc_empty_space height=&#8221;15px&#8221;][vc_column_text]<\/p>\n<p style=\"text-align: center;\">L&#8217;Ente Bilaterale offre assistenza per progetti formativi finanziati da\u00a0<strong>For.Te<\/strong>, il\u00a0<strong>Fondo Paritetico Interprofessionale Nazionale per la formazione continua<\/strong>\u00a0per le imprese del terziario, riconosciuto dal Ministero del Lavoro con decreto del 31 ottobre 2002,\u00a0 istituito a seguito dell\u2019accordo interconfederale del 25 luglio 2001, tra Confcommercio, Abi, Ania, Confetra, e Cgil, Cisl, Uil, che For.Te mette a disposizione delle aziende aderenti risorse per finanziare Piani formativi, aziendali, territoriali, settoriali o individuali, finalizzati al consolidamento e allo sviluppo delle competenze dei lavoratori per rispondere alle esigenze di occupabilit\u00e0 ed adattabilit\u00e0 e della capacit\u00e0 competitiva delle imprese nei comparti del Commercio-Turismo-Servizi, Creditizio-Finanziario, Assicurativo e della Logistica-Spedizioni-Trasporti.<\/p>\n<p><strong>Assistenza tecnica bandi For.Te<\/strong><\/p>\n<p><strong>Il servizio<\/strong><\/p>\n<p>Il servizio si propone di fornire assistenza alle aziende che presentano piani formativi, partecipando ai Bandi predisposti dal Fondo Paritetico Interprofessionale per la Formazione Continua, denominato\u00a0<a href=\"https:\/\/urlsand.esvalabs.com\/?u=http%3A%2F%2Fwww.fondoforte.it%2F&amp;e=45195c06&amp;h=3a1c340a&amp;f=y&amp;p=y\">For.Te<\/a>, fornendo loro la modulistica necessaria, analizzando il progetto da presentare e predisponendo il Certificato di Assistenza Tecnica richiesto dai Bandi.<\/p>\n<p><strong>Requisiti per accedere al servizio<\/strong><\/p>\n<p>Servizio a disposizione di tutte le aziende che partecipano ai bandi For.Te., che siano aderenti e in regola con i versamenti contributivi spettanti all&#8217;Ente Bilaterale Terziario di Padova.<\/p>\n<p><strong>Modalit\u00e0 di erogazione del servizio<\/strong><\/p>\n<p>Per le aziende che intendano richiedere il rilascio del Certificato di Assistenza Tecnica all&#8217;Ente Bilaterale del Terziario Padova la modulistica necessaria per richiedere il Certificato di Assistenza Tecnica (CAT) \u00e8 scaricabile qui di seguito.<\/p>\n<p>La documentazione va inviata via pec all&#8217;indirizzo: entebilateralepadova@legalmail.it entro e non oltre il 24 giugno 2024.<\/p>\n<p>La documentazione inviata all&#8217;Ente Bilaterale Terziario di Padova dall\u2019azienda viene analizzata ed in caso di esito positivo, l&#8217;ente rilascia il Certificato di Assistenza Tecnica (CAT).<\/p>\n<ul>\n<li><a href=\"https:\/\/www.entebilateralepadova.it\/terziario\/wp-content\/uploads\/2024\/06\/EBT_RICHIESTA-ASSISTENZA-PIANO-FORMATIVO-AZIENDALE.docx\">EBT_RICHIESTA-ASSISTENZA-PIANO-FORMATIVO-AZIENDALE<\/a><\/li>\n<li><a href=\"https:\/\/www.entebilateralepadova.it\/terziario\/wp-content\/uploads\/2024\/06\/EBT_RICHIESTA-ASSISTENZA-PIANO-FORMATIVO-TERRITORIALE.docx\">EBT_RICHIESTA-ASSISTENZA-PIANO-FORMATIVO-TERRITORIALE<\/a><\/li>\n<li><a href=\"https:\/\/www.entebilateralepadova.it\/terziario\/wp-content\/uploads\/2024\/06\/INFORMATIVA-EB-TERZIARIO-PER-IL-TRATTAMENTO-DI-DATI-PERSONALI.doc\">INFORMATIVA EB TERZIARIO PER IL TRATTAMENTO DI DATI PERSONALI<\/a><\/li>\n<\/ul>\n<p>[\/vc_column_text][\/vc_column][\/vc_row][vc_row row_type=&#8221;row&#8221; content_width=&#8221;full-width&#8221; anchor=&#8221;&#8221; content_aligment=&#8221;left&#8221; css_animation=&#8221;&#8221; css=&#8221;.vc_custom_1515600245671{margin-top: 0px !important;border-top-width: 0px !important;padding-top: 0px !important;}&#8221;][vc_column][vc_empty_space height=&#8221;60px&#8221;]\n\n\t<div class=\"eltd-call-to-action normal\" style=\"padding: 10px 0px 0px 0px;;background-color: #ec582f;\">\n\n\t\t\t\t<div class=\"eltd-container-inner\">\n\t\t\t\t\t<div class=\"eltd-call-to-action-row-75-25 clearfix\">\n\t\t\n\t\t\t\t<div class=\"eltd-text-wrapper eltd-call-to-action-column1 eltd-call-to-action-cell\">\n\n\t\t\t\t\n\t\t\t\t\t<div class=\"eltd-call-to-action-text\" >\n\t\t\t\t\t\t<\/p>\n<h6 style=\"color: #fff !important;\">Per maggiori informazioni Vi preghiamo di contattare la Segreteria al n. <a href=\"tel:+390498209821\">049\/8209821<\/a> &#8211; <a href=\"tel:+390498209790\">049\/8209790<\/a><\/h6>\n<p>\t\t\t\t\t<\/div>\n\n\t\t\t\t<\/div>\n\n\t\t\t\t\n\t\t\t\t\t<div class=\"eltd-button-wrapper eltd-call-to-action-column2 eltd-call-to-action-cell\" style =\"text-align: right ;\">\n\n\t\t\t\t\t\t<a href=\"https:\/\/www.entebilateralepadova.it\/turismo\/?page_id=2746\" target=\"_self\" style=\"background-color: #ec582f\" class=\"eltd-btn eltd-btn-medium eltd-btn-solid\"  >    <span class=\"eltd-btn-text\">CONTATTACI<\/span>    <\/a>\n\t\t\t\t\t<\/div>\n\n\t\t\t\t\n\t\t\t<\/div>\n\n\t\t\t\t<\/div>\n\t\t\n\t<\/div>\n\n[\/vc_column][\/vc_row]<\/p>\n","protected":false},"excerpt":{"rendered":"<p>[vc_row row_type=&#8221;row&#8221; content_width=&#8221;grid&#8221; anchor=&#8221;&#8221; content_aligment=&#8221;left&#8221; css_animation=&#8221;&#8221;][vc_column][vc_empty_space][vc_empty_space height=&#8221;15px&#8221;][vc_column_text] L&#8217;Ente Bilaterale offre assistenza per progetti formativi finanziati da\u00a0For.Te, il\u00a0Fondo Paritetico Interprofessionale Nazionale per la formazione continua\u00a0per le imprese del terziario, riconosciuto dal Ministero del Lavoro con decreto del 31 ottobre 2002,\u00a0 istituito a seguito dell\u2019accordo interconfederale del&#8230;<\/p>\n","protected":false},"author":1,"featured_media":0,"parent":0,"menu_order":0,"comment_status":"closed","ping_status":"closed","template":"full-width.php","meta":{"_acf_changed":false,"footnotes":""},"class_list":["post-5543","page","type-page","status-publish","hentry"],"acf":[],"_links":{"self":[{"href":"https:\/\/www.entebilateralepadova.it\/turismo\/wp-json\/wp\/v2\/pages\/5543","targetHints":{"allow":["GET"]}}],"collection":[{"href":"https:\/\/www.entebilateralepadova.it\/turismo\/wp-json\/wp\/v2\/pages"}],"about":[{"href":"https:\/\/www.entebilateralepadova.it\/turismo\/wp-json\/wp\/v2\/types\/page"}],"author":[{"embeddable":true,"href":"https:\/\/www.entebilateralepadova.it\/turismo\/wp-json\/wp\/v2\/users\/1"}],"replies":[{"embeddable":true,"href":"https:\/\/www.entebilateralepadova.it\/turismo\/wp-json\/wp\/v2\/comments?post=5543"}],"version-history":[{"count":4,"href":"https:\/\/www.entebilateralepadova.it\/turismo\/wp-json\/wp\/v2\/pages\/5543\/revisions"}],"predecessor-version":[{"id":11444,"href":"https:\/\/www.entebilateralepadova.it\/turismo\/wp-json\/wp\/v2\/pages\/5543\/revisions\/11444"}],"wp:attachment":[{"href":"https:\/\/www.entebilateralepadova.it\/turismo\/wp-json\/wp\/v2\/media?parent=5543"}],"curies":[{"name":"wp","href":"https:\/\/api.w.org\/{rel}","templated":true}]}}