{"id":5755,"date":"2018-02-06T16:06:15","date_gmt":"2018-02-06T16:06:15","guid":{"rendered":"http:\/\/www.entebilateralepadova.it\/turismo\/?page_id=5755"},"modified":"2026-01-23T10:45:07","modified_gmt":"2026-01-23T09:45:07","slug":"contributo-indennita-di-malattia","status":"publish","type":"page","link":"https:\/\/www.entebilateralepadova.it\/turismo\/contributo-indennita-di-malattia\/","title":{"rendered":"D\/1 CONTRIBUTO INDENNIT\u00c0 DI MALATTIA"},"content":{"rendered":"<p>[vc_row row_type=&#8221;row&#8221; content_width=&#8221;grid&#8221; anchor=&#8221;&#8221; content_aligment=&#8221;left&#8221; css_animation=&#8221;&#8221;][vc_column][vc_empty_space]<div class=\"eltd-section-title-outer-holder animate\" style=\"text-align: center\">\n\t<div class=\"eltd-section-title-subtitle-holder\">\n\t\t<h3 class=\"eltd-section-subtitle\" style=\"font-size: 19px;\">D\/1 CONTRIBUTO INDENNIT\u00c0 DI MALATTIA<\/h3>\n\t<\/div>\n\t<div class=\"eltd-section-title-holder\">\n\t\t<h2 class=\"eltd-section-title\" style=\";\"><\/h2>\n\t<\/div>\n<\/div>[vc_empty_space height=&#8221;15px&#8221;][vc_column_text]Ai soli lavoratori\/lavoratrici dipendenti da aziende esercenti attivit\u00e0 di Pubblico Esercizio da almeno 6 mesi, l\u2019Ente corrisponder\u00e0 un <strong>sussidio pari al 20% dell\u2019integrazione dell\u2019indennit\u00e0 di malattia posta a carico dell\u2019INPS<\/strong>, come previsto dall\u2019ipotesi di accordo, in modo da raggiungere complessivamente il 100% dell\u2019indennit\u00e0 stessa. Il contributo ad integrazione dell\u2019indennit\u00e0 di malattia di cui sopra sar\u00e0 erogato per non pi\u00f9 di 120 giorni in un anno solare (1\/1 \u2013 31\/12) con il limite massimo pari all\u2019importo lordo di euro 800,00.<\/p>\n<p>Il richiedente, con il <strong>modello apposito di richiesta COMPILATO IN TUTTE LE SUE PARTI<\/strong>, <strong>DEVE ALLEGARE TUTTA LE SEGUENTE DOCUMENTAZIONE:<\/strong><\/p>\n<p><strong>a) Copia di 1 busta paga precedenti l&#8217;inizio della malattia (se il dipendente non lavora continuativamente dovr\u00e0 presentare almeno 6 buste paga riferite agli ultimi 12 mesi precedenti la data dell\u2019inizio della malattia);<\/strong><\/p>\n<p><strong>b) copie prospetti liquidazione indennit\u00e0 erogata dall\u2019azienda quale anticipazione indennit\u00e0 a carico dell\u2019INPS;<\/strong><\/p>\n<p><strong>c) copie delle buste paga mensili relative al periodo della malattia.<\/strong><\/p>\n<p>&nbsp;<\/p>\n<p><strong>TERMINE DI PRESENTAZIONE: <\/strong>entro 90 giorni dalla data di termine dell\u2019evento.<\/p>\n<p style=\"text-align: justify;\"><strong>SI RICORDA CHE LE DOMANDE VANNO SPEDITE ESCLUSIVAMENTE TRAMITE L&#8217;APPOSITA AREA RISERVATA<\/strong><\/p>\n<p>&nbsp;<\/p>\n<p style=\"text-align: justify;\"><strong>SI RICORDA CHE I SUSSIDI VERRANNO EROGATI IN BASE ALLE DISPONIBILITA&#8217; ECONOMICHE DELL&#8217;ENTE e pertanto L\u2019Ente, a suo insindacabile giudizio, in relazione ai capitoli di spesa che saranno periodicamente valutati compatibilmente con le disponibilit\u00e0 economiche, si riserva di poter modificare o annullare l&#8217;erogazione di tutti o di parte dei sussidi offerti alle aziende e ai lavoratori. <\/strong><strong>L\u2019Ente si riserva inoltre di valutare le domande pervenute entro i termini previsti secondo il criterio di precedenza e il criterio di turnazione in base alle risorse disponibili.<\/strong><\/p>\n<p style=\"text-align: justify;\">Le domande incomplete e non rispondenti al regolamento o che pervenissero fuori del termine stabilito non saranno prese in considerazione.<\/p>\n<p>&nbsp;<\/p>\n<p>Per accedere all&#8217;AREA RISERVATA clicca sul link <a href=\"https:\/\/turismo.ar.entebilateralepadova.it\/\/ar_login.jsp\" target=\"_blank\" rel=\"noopener\"><em>turismo.ar.entebilateralepadova.it\u00a0<\/em><\/a>[\/vc_column_text][\/vc_column][\/vc_row][vc_row row_type=&#8221;row&#8221; content_width=&#8221;full-width&#8221; anchor=&#8221;&#8221; content_aligment=&#8221;left&#8221; css_animation=&#8221;&#8221; css=&#8221;.vc_custom_1515600245671{margin-top: 0px !important;border-top-width: 0px !important;padding-top: 0px !important;}&#8221;][vc_column][vc_empty_space height=&#8221;60px&#8221;]\n\n\t<div class=\"eltd-call-to-action normal\" style=\"padding: 10px 0px 0px 0px;;background-color: #ec582f;\">\n\n\t\t\t\t<div class=\"eltd-container-inner\">\n\t\t\t\t\t<div class=\"eltd-call-to-action-row-75-25 clearfix\">\n\t\t\n\t\t\t\t<div class=\"eltd-text-wrapper eltd-call-to-action-column1 eltd-call-to-action-cell\">\n\n\t\t\t\t\n\t\t\t\t\t<div class=\"eltd-call-to-action-text\" >\n\t\t\t\t\t\t<\/p>\n<h6 style=\"color: #fff !important;\">Per maggiori informazioni Vi preghiamo di contattare la Segreteria al n. <a href=\"tel:+390498209821\">049\/8209821<\/a> &#8211; <a href=\"tel:+390498209790\">049\/8209790<\/a><\/h6>\n<p>\t\t\t\t\t<\/div>\n\n\t\t\t\t<\/div>\n\n\t\t\t\t\n\t\t\t\t\t<div class=\"eltd-button-wrapper eltd-call-to-action-column2 eltd-call-to-action-cell\" style =\"text-align: right ;\">\n\n\t\t\t\t\t\t<a href=\"https:\/\/www.entebilateralepadova.it\/turismo\/?page_id=2746\" target=\"_self\" style=\"background-color: #ec582f\" class=\"eltd-btn eltd-btn-medium eltd-btn-solid\"  >    <span class=\"eltd-btn-text\">CONTATTACI<\/span>    <\/a>\n\t\t\t\t\t<\/div>\n\n\t\t\t\t\n\t\t\t<\/div>\n\n\t\t\t\t<\/div>\n\t\t\n\t<\/div>\n\n[\/vc_column][\/vc_row]<\/p>\n","protected":false},"excerpt":{"rendered":"<p>[vc_row row_type=&#8221;row&#8221; content_width=&#8221;grid&#8221; anchor=&#8221;&#8221; content_aligment=&#8221;left&#8221; css_animation=&#8221;&#8221;][vc_column][vc_empty_space][vc_empty_space height=&#8221;15px&#8221;][vc_column_text]Ai soli lavoratori\/lavoratrici dipendenti da aziende esercenti attivit\u00e0 di Pubblico Esercizio da almeno 6 mesi, l\u2019Ente corrisponder\u00e0 un sussidio pari al 20% dell\u2019integrazione dell\u2019indennit\u00e0 di malattia posta a carico dell\u2019INPS, come previsto dall\u2019ipotesi di accordo, in modo da raggiungere&#8230;<\/p>\n","protected":false},"author":1,"featured_media":0,"parent":0,"menu_order":0,"comment_status":"closed","ping_status":"closed","template":"full-width.php","meta":{"_acf_changed":false,"footnotes":""},"class_list":["post-5755","page","type-page","status-publish","hentry"],"acf":[],"_links":{"self":[{"href":"https:\/\/www.entebilateralepadova.it\/turismo\/wp-json\/wp\/v2\/pages\/5755","targetHints":{"allow":["GET"]}}],"collection":[{"href":"https:\/\/www.entebilateralepadova.it\/turismo\/wp-json\/wp\/v2\/pages"}],"about":[{"href":"https:\/\/www.entebilateralepadova.it\/turismo\/wp-json\/wp\/v2\/types\/page"}],"author":[{"embeddable":true,"href":"https:\/\/www.entebilateralepadova.it\/turismo\/wp-json\/wp\/v2\/users\/1"}],"replies":[{"embeddable":true,"href":"https:\/\/www.entebilateralepadova.it\/turismo\/wp-json\/wp\/v2\/comments?post=5755"}],"version-history":[{"count":25,"href":"https:\/\/www.entebilateralepadova.it\/turismo\/wp-json\/wp\/v2\/pages\/5755\/revisions"}],"predecessor-version":[{"id":14819,"href":"https:\/\/www.entebilateralepadova.it\/turismo\/wp-json\/wp\/v2\/pages\/5755\/revisions\/14819"}],"wp:attachment":[{"href":"https:\/\/www.entebilateralepadova.it\/turismo\/wp-json\/wp\/v2\/media?parent=5755"}],"curies":[{"name":"wp","href":"https:\/\/api.w.org\/{rel}","templated":true}]}}