{"id":6046,"date":"2018-05-17T12:58:03","date_gmt":"2018-05-17T12:58:03","guid":{"rendered":"http:\/\/www.entebilateralepadova.it\/turismo\/?page_id=6046"},"modified":"2023-07-05T10:47:14","modified_gmt":"2023-07-05T08:47:14","slug":"contatti-2","status":"publish","type":"page","link":"https:\/\/www.entebilateralepadova.it\/turismo\/contatti-2\/","title":{"rendered":"Dove siamo"},"content":{"rendered":"<p>[vc_row row_type=&#8221;row&#8221; content_width=&#8221;grid&#8221; anchor=&#8221;&#8221; content_aligment=&#8221;left&#8221; css_animation=&#8221;&#8221; css=&#8221;.vc_custom_1500991768603{padding-top: 25px !important;padding-bottom: 60px !important;}&#8221;][vc_column width=&#8221;1\/2&#8243;]<div class=\"eltd-section-title-outer-holder animate\" style=\"text-align: left\">\n\t<div class=\"eltd-section-title-subtitle-holder\">\n\t\t<h3 class=\"eltd-section-subtitle\" style=\";\">ENTE BILATERALE TURISMO<\/h3>\n\t<\/div>\n\t<div class=\"eltd-section-title-holder\">\n\t\t<h2 class=\"eltd-section-title\" style=\";\">PADOVA TERME EUGANEE<\/h2>\n\t<\/div>\n<\/div><div class=\"eltd-separator-holder clearfix  eltd-separator-left\">\n\t<div class=\"eltd-separator\" style=\"border-color: #dddddd;width: 50%;border-width: 1px;margin-top: 20px;margin-bottom: 14px\"><\/div>\n<\/div>\n[vc_column_text]<\/p>\n<p style=\"text-align: left;\"><strong>Indirizzo:<\/strong> P.zza V. Bardella, 3 &#8211; 35131 Padova PD<\/p>\n<p><strong>E-mail:<\/strong><br \/>\n<a href=\"mailto:segreteria@entebilateralepadova.it\">segreteria@entebilateralepadova.it<\/a><br \/>\n<a href=\"mailto:info@entebilateralepadova.it\">info@entebilateralepadova.it<\/a><br \/>\n<a href=\"mailto:servizi@entebilateralepadova.it\">servizi@entebilateralepadova.it<\/a><br \/>\n<a href=\"mailto:amministrazione@entebilateralepadova.it\">amministrazione@entebilateralepadova.it<\/a><\/p>\n<p><strong>PEC:\u00a0<\/strong><a href=\"mailto:entebilateralepadova@legalmail.it\">entebilateralepadova@legalmail.it<\/a><\/p>\n<p><strong>Telefono:<\/strong> <a href=\"tel:+390498209821\">049.8209821<\/a> &#8211; <a href=\"tel:+39049667530\">049.667530<\/a><br \/>\n<strong>Fax:<\/strong> 049.8209779<\/p>\n<p><strong>ORARI D&#8217;UFFICIO:<\/strong><br \/>\nDal Luned\u00ec al Venerd\u00ec dalle ore 9.30 alle ore 12.30<br \/>\nInoltre Luned\u00ec &#8211; Marted\u00ec &#8211; Gioved\u00ec dalle ore 14.30 alle ore 17.00[\/vc_column_text][vc_empty_space][\/vc_column][vc_column width=&#8221;1\/2&#8243; offset=&#8221;vc_col-sm-offset-0&#8243;][vc_empty_space height=&#8221;10&#8243;][vc_raw_html]JTNDaWZyYW1lJTIwc3JjJTNEJTIyaHR0cHMlM0ElMkYlMkZ3d3cuZ29vZ2xlLmNvbSUyRm1hcHMlMkZlbWJlZCUzRnBiJTNEJTIxMW0xOCUyMTFtMTIlMjExbTMlMjExZDI4MDAuODgwNTE0NjI2NDIwMyUyMTJkMTEuODk3OTQ3OTE1NTU1NzEzJTIxM2Q0NS40MTE3NDg5NzkxMDAzNjYlMjEybTMlMjExZjAlMjEyZjAlMjEzZjAlMjEzbTIlMjExaTEwMjQlMjEyaTc2OCUyMTRmMTMuMSUyMTNtMyUyMTFtMiUyMTFzMHg0NzdlZGFmMjZiZWZmYzU1JTI1M0EweGM1YzI1YzY5N2NlM2EyZGElMjEyc1BpYXp6ZXR0YSUyNTIwVmlyZ2lsaW8lMjUyMEJhcmRlbGxhJTI1MkMlMjUyMDMlMjUyQyUyNTIwMzUxMzElMjUyMFBhZG92YSUyNTIwUEQlMjE1ZTAlMjEzbTIlMjExc2l0JTIxMnNpdCUyMTR2MTU4NjkzNTIxOTg5MyUyMTVtMiUyMTFzaXQlMjEyc2l0JTIyJTIwd2lkdGglM0QlMjIxMDAlMjUlMjIlMjBoZWlnaHQlM0QlMjI0MjAlMjIlMjBmcmFtZWJvcmRlciUzRCUyMjAlMjIlMjBzdHlsZSUzRCUyMmJvcmRlciUzQTAlM0IlMjIlMjBhbGxvd2Z1bGxzY3JlZW4lM0QlMjIlMjIlMjBhcmlhLWhpZGRlbiUzRCUyMmZhbHNlJTIyJTIwdGFiaW5kZXglM0QlMjIwJTIyJTNFJTNDJTJGaWZyYW1lJTNF[\/vc_raw_html][vc_empty_space height=&#8221;10&#8243;][\/vc_column][\/vc_row]<\/p>\n","protected":false},"excerpt":{"rendered":"<p>[vc_row row_type=&#8221;row&#8221; content_width=&#8221;grid&#8221; anchor=&#8221;&#8221; content_aligment=&#8221;left&#8221; css_animation=&#8221;&#8221; css=&#8221;.vc_custom_1500991768603{padding-top: 25px !important;padding-bottom: 60px !important;}&#8221;][vc_column width=&#8221;1\/2&#8243;][vc_column_text] Indirizzo: P.zza V. Bardella, 3 &#8211; 35131 Padova PD E-mail: segreteria@entebilateralepadova.it info@entebilateralepadova.it servizi@entebilateralepadova.it amministrazione@entebilateralepadova.it PEC:\u00a0entebilateralepadova@legalmail.it Telefono: 049.8209821 &#8211; 049.667530 Fax: 049.8209779 ORARI D&#8217;UFFICIO: Dal Luned\u00ec al Venerd\u00ec dalle ore 9.30 alle ore 12.30&#8230;<\/p>\n","protected":false},"author":1,"featured_media":0,"parent":0,"menu_order":0,"comment_status":"closed","ping_status":"closed","template":"full-width.php","meta":{"_acf_changed":false,"footnotes":""},"class_list":["post-6046","page","type-page","status-publish","hentry"],"acf":[],"_links":{"self":[{"href":"https:\/\/www.entebilateralepadova.it\/turismo\/wp-json\/wp\/v2\/pages\/6046","targetHints":{"allow":["GET"]}}],"collection":[{"href":"https:\/\/www.entebilateralepadova.it\/turismo\/wp-json\/wp\/v2\/pages"}],"about":[{"href":"https:\/\/www.entebilateralepadova.it\/turismo\/wp-json\/wp\/v2\/types\/page"}],"author":[{"embeddable":true,"href":"https:\/\/www.entebilateralepadova.it\/turismo\/wp-json\/wp\/v2\/users\/1"}],"replies":[{"embeddable":true,"href":"https:\/\/www.entebilateralepadova.it\/turismo\/wp-json\/wp\/v2\/comments?post=6046"}],"version-history":[{"count":8,"href":"https:\/\/www.entebilateralepadova.it\/turismo\/wp-json\/wp\/v2\/pages\/6046\/revisions"}],"predecessor-version":[{"id":10183,"href":"https:\/\/www.entebilateralepadova.it\/turismo\/wp-json\/wp\/v2\/pages\/6046\/revisions\/10183"}],"wp:attachment":[{"href":"https:\/\/www.entebilateralepadova.it\/turismo\/wp-json\/wp\/v2\/media?parent=6046"}],"curies":[{"name":"wp","href":"https:\/\/api.w.org\/{rel}","templated":true}]}}